{"id":10515,"date":"2025-11-26T12:26:37","date_gmt":"2025-11-26T12:26:37","guid":{"rendered":"https:\/\/pasteleriapetra.es\/?post_type=product&#038;p=10515"},"modified":"2026-02-02T19:14:57","modified_gmt":"2026-02-02T19:14:57","slug":"nido-de-pistacho","status":"publish","type":"product","link":"https:\/\/pasteleriapetra.es\/?product=nido-de-pistacho","title":{"rendered":"Nido de pistacho"},"content":{"rendered":"<p data-start=\"159\" data-end=\"427\">Delicioso dulce elaborado en forma de nido crujiente, relleno de suave crema de pistacho y decorado con pistachos seleccionados. Una combinaci\u00f3n perfecta de textura y sabor que conquista desde el primer bocado, ideal como postre, snack o acompa\u00f1amiento de caf\u00e9 y t\u00e9.<\/p>\n<p data-start=\"429\" data-end=\"582\"><strong data-start=\"429\" data-end=\"446\">Ingredientes:<\/strong><br data-start=\"446\" data-end=\"449\" \/>Harina, az\u00facar, mantequilla, crema de pistacho, pistachos, leche en polvo, emulgente (lecitina de soja), aroma natural de vainilla.<\/p>\n<p data-start=\"584\" data-end=\"750\"><strong data-start=\"584\" data-end=\"598\">Al\u00e9rgenos:<\/strong><br data-start=\"598\" data-end=\"601\" \/>Contiene <strong data-start=\"610\" data-end=\"621\">l\u00e1cteos<\/strong>, <strong data-start=\"623\" data-end=\"631\">soja<\/strong> y <strong data-start=\"634\" data-end=\"655\">frutos de c\u00e1scara<\/strong> (pistachos).<br data-start=\"668\" data-end=\"671\" \/>Puede contener trazas de <strong data-start=\"696\" data-end=\"706\">gluten<\/strong>, <strong data-start=\"708\" data-end=\"717\">huevo<\/strong> y <strong data-start=\"720\" data-end=\"747\">otros frutos de c\u00e1scara<\/strong>.<\/p>\n","protected":false},"excerpt":{"rendered":"<p data-start=\"159\" data-end=\"427\">Delicioso dulce elaborado en forma de nido crujiente, relleno de suave crema de pistacho y decorado con pistachos seleccionados. Una combinaci\u00f3n perfecta de textura y sabor que conquista desde el primer bocado, ideal como postre, snack o acompa\u00f1amiento de caf\u00e9 y t\u00e9.<\/p>\n<p data-start=\"429\" data-end=\"582\"><strong data-start=\"429\" data-end=\"446\">Ingredientes:<\/strong><br data-start=\"446\" data-end=\"449\" \/>Harina, az\u00facar, mantequilla, crema de pistacho, pistachos, leche en polvo, emulgente (lecitina de soja), aroma natural de vainilla.<\/p>\n<p data-start=\"584\" data-end=\"750\"><strong data-start=\"584\" data-end=\"598\">Al\u00e9rgenos:<\/strong><br data-start=\"598\" data-end=\"601\" \/>Contiene <strong data-start=\"610\" data-end=\"621\">l\u00e1cteos<\/strong>, <strong data-start=\"623\" data-end=\"631\">soja<\/strong> y <strong data-start=\"634\" data-end=\"655\">frutos de c\u00e1scara<\/strong> (pistachos).<br data-start=\"668\" data-end=\"671\" \/>Puede contener trazas de <strong data-start=\"696\" data-end=\"706\">gluten<\/strong>, <strong data-start=\"708\" data-end=\"717\">huevo<\/strong> y <strong data-start=\"720\" data-end=\"747\">otros frutos de c\u00e1scara<\/strong>.<\/p>\n","protected":false},"featured_media":11011,"template":"","meta":[],"product_cat":[69],"product_tag":[],"class_list":{"0":"post-10515","1":"product","2":"type-product","3":"status-publish","4":"has-post-thumbnail","6":"product_cat-nidos","8":"first","9":"instock","10":"shipping-taxable","11":"product-type-simple"},"yoast_head":"<!-- This site is optimized with the Yoast SEO plugin v26.8 - https:\/\/yoast.com\/product\/yoast-seo-wordpress\/ -->\n<title>Nido de pistacho - Pasteler\u00eda Petra<\/title>\n<meta name=\"robots\" content=\"index, follow, max-snippet:-1, max-image-preview:large, max-video-preview:-1\" \/>\n<link rel=\"canonical\" href=\"https:\/\/pasteleriapetra.es\/?product=nido-de-pistacho\" \/>\n<meta property=\"og:locale\" content=\"es_ES\" \/>\n<meta property=\"og:type\" content=\"article\" \/>\n<meta property=\"og:title\" content=\"Nido de pistacho - Pasteler\u00eda Petra\" \/>\n<meta property=\"og:description\" content=\"Delicioso dulce elaborado en forma de nido crujiente, relleno de suave crema de pistacho y decorado con pistachos seleccionados. Una combinaci\u00f3n perfecta de textura y sabor que conquista desde el primer bocado, ideal como postre, snack o acompa\u00f1amiento de caf\u00e9 y t\u00e9. Ingredientes:Harina, az\u00facar, mantequilla, crema de pistacho, pistachos, leche en polvo, emulgente (lecitina de soja), aroma natural de vainilla. Al\u00e9rgenos:Contiene l\u00e1cteos, soja y frutos de c\u00e1scara (pistachos).Puede contener trazas de gluten, huevo y otros frutos de c\u00e1scara.\" \/>\n<meta property=\"og:url\" content=\"https:\/\/pasteleriapetra.es\/?product=nido-de-pistacho\" \/>\n<meta property=\"og:site_name\" content=\"Pasteler\u00eda Petra\" \/>\n<meta property=\"article:modified_time\" content=\"2026-02-02T19:14:57+00:00\" \/>\n<meta property=\"og:image\" content=\"https:\/\/pasteleriapetra.es\/wp-content\/uploads\/2025\/11\/20260121_103522-scaled.jpg\" \/>\n\t<meta property=\"og:image:width\" content=\"1196\" \/>\n\t<meta property=\"og:image:height\" content=\"2560\" \/>\n\t<meta property=\"og:image:type\" content=\"image\/jpeg\" \/>\n<meta name=\"twitter:card\" content=\"summary_large_image\" \/>\n<meta name=\"twitter:label1\" content=\"Tiempo de lectura\" \/>\n\t<meta name=\"twitter:data1\" content=\"1 minuto\" \/>\n<script type=\"application\/ld+json\" class=\"yoast-schema-graph\">{\"@context\":\"https:\/\/schema.org\",\"@graph\":[{\"@type\":\"WebPage\",\"@id\":\"https:\/\/pasteleriapetra.es\/?product=nido-de-pistacho\",\"url\":\"https:\/\/pasteleriapetra.es\/?product=nido-de-pistacho\",\"name\":\"Nido de pistacho - Pasteler\u00eda Petra\",\"isPartOf\":{\"@id\":\"https:\/\/pasteleriapetra.es\/#website\"},\"primaryImageOfPage\":{\"@id\":\"https:\/\/pasteleriapetra.es\/?product=nido-de-pistacho#primaryimage\"},\"image\":{\"@id\":\"https:\/\/pasteleriapetra.es\/?product=nido-de-pistacho#primaryimage\"},\"thumbnailUrl\":\"https:\/\/pasteleriapetra.es\/wp-content\/uploads\/2025\/11\/20260121_103522-scaled.jpg\",\"datePublished\":\"2025-11-26T12:26:37+00:00\",\"dateModified\":\"2026-02-02T19:14:57+00:00\",\"breadcrumb\":{\"@id\":\"https:\/\/pasteleriapetra.es\/?product=nido-de-pistacho#breadcrumb\"},\"inLanguage\":\"es\",\"potentialAction\":[{\"@type\":\"ReadAction\",\"target\":[\"https:\/\/pasteleriapetra.es\/?product=nido-de-pistacho\"]}]},{\"@type\":\"ImageObject\",\"inLanguage\":\"es\",\"@id\":\"https:\/\/pasteleriapetra.es\/?product=nido-de-pistacho#primaryimage\",\"url\":\"https:\/\/pasteleriapetra.es\/wp-content\/uploads\/2025\/11\/20260121_103522-scaled.jpg\",\"contentUrl\":\"https:\/\/pasteleriapetra.es\/wp-content\/uploads\/2025\/11\/20260121_103522-scaled.jpg\",\"width\":1196,\"height\":2560},{\"@type\":\"BreadcrumbList\",\"@id\":\"https:\/\/pasteleriapetra.es\/?product=nido-de-pistacho#breadcrumb\",\"itemListElement\":[{\"@type\":\"ListItem\",\"position\":1,\"name\":\"Portada\",\"item\":\"https:\/\/pasteleriapetra.es\/\"},{\"@type\":\"ListItem\",\"position\":2,\"name\":\"Shop\",\"item\":\"https:\/\/pasteleriapetra.es\/?page_id=16\"},{\"@type\":\"ListItem\",\"position\":3,\"name\":\"Nido de pistacho\"}]},{\"@type\":\"WebSite\",\"@id\":\"https:\/\/pasteleriapetra.es\/#website\",\"url\":\"https:\/\/pasteleriapetra.es\/\",\"name\":\"Pasteler\u00eda Petra\",\"description\":\"La mejor reposter\u00eda \u00e1rabe\",\"publisher\":{\"@id\":\"https:\/\/pasteleriapetra.es\/#organization\"},\"potentialAction\":[{\"@type\":\"SearchAction\",\"target\":{\"@type\":\"EntryPoint\",\"urlTemplate\":\"https:\/\/pasteleriapetra.es\/?s={search_term_string}\"},\"query-input\":{\"@type\":\"PropertyValueSpecification\",\"valueRequired\":true,\"valueName\":\"search_term_string\"}}],\"inLanguage\":\"es\"},{\"@type\":\"Organization\",\"@id\":\"https:\/\/pasteleriapetra.es\/#organization\",\"name\":\"Pasteler\u00eda Petra\",\"url\":\"https:\/\/pasteleriapetra.es\/\",\"logo\":{\"@type\":\"ImageObject\",\"inLanguage\":\"es\",\"@id\":\"https:\/\/pasteleriapetra.es\/#\/schema\/logo\/image\/\",\"url\":\"https:\/\/pasteleriapetra.es\/wp-content\/uploads\/2025\/11\/cropped-Petra_logo-1.png\",\"contentUrl\":\"https:\/\/pasteleriapetra.es\/wp-content\/uploads\/2025\/11\/cropped-Petra_logo-1.png\",\"width\":1999,\"height\":1335,\"caption\":\"Pasteler\u00eda Petra\"},\"image\":{\"@id\":\"https:\/\/pasteleriapetra.es\/#\/schema\/logo\/image\/\"}}]}<\/script>\n<!-- \/ Yoast SEO plugin. -->","yoast_head_json":{"title":"Nido de pistacho - Pasteler\u00eda Petra","robots":{"index":"index","follow":"follow","max-snippet":"max-snippet:-1","max-image-preview":"max-image-preview:large","max-video-preview":"max-video-preview:-1"},"canonical":"https:\/\/pasteleriapetra.es\/?product=nido-de-pistacho","og_locale":"es_ES","og_type":"article","og_title":"Nido de pistacho - Pasteler\u00eda Petra","og_description":"Delicioso dulce elaborado en forma de nido crujiente, relleno de suave crema de pistacho y decorado con pistachos seleccionados. Una combinaci\u00f3n perfecta de textura y sabor que conquista desde el primer bocado, ideal como postre, snack o acompa\u00f1amiento de caf\u00e9 y t\u00e9. Ingredientes:Harina, az\u00facar, mantequilla, crema de pistacho, pistachos, leche en polvo, emulgente (lecitina de soja), aroma natural de vainilla. Al\u00e9rgenos:Contiene l\u00e1cteos, soja y frutos de c\u00e1scara (pistachos).Puede contener trazas de gluten, huevo y otros frutos de c\u00e1scara.","og_url":"https:\/\/pasteleriapetra.es\/?product=nido-de-pistacho","og_site_name":"Pasteler\u00eda Petra","article_modified_time":"2026-02-02T19:14:57+00:00","og_image":[{"width":1196,"height":2560,"url":"https:\/\/pasteleriapetra.es\/wp-content\/uploads\/2025\/11\/20260121_103522-scaled.jpg","type":"image\/jpeg"}],"twitter_card":"summary_large_image","twitter_misc":{"Tiempo de lectura":"1 minuto"},"schema":{"@context":"https:\/\/schema.org","@graph":[{"@type":"WebPage","@id":"https:\/\/pasteleriapetra.es\/?product=nido-de-pistacho","url":"https:\/\/pasteleriapetra.es\/?product=nido-de-pistacho","name":"Nido de pistacho - Pasteler\u00eda Petra","isPartOf":{"@id":"https:\/\/pasteleriapetra.es\/#website"},"primaryImageOfPage":{"@id":"https:\/\/pasteleriapetra.es\/?product=nido-de-pistacho#primaryimage"},"image":{"@id":"https:\/\/pasteleriapetra.es\/?product=nido-de-pistacho#primaryimage"},"thumbnailUrl":"https:\/\/pasteleriapetra.es\/wp-content\/uploads\/2025\/11\/20260121_103522-scaled.jpg","datePublished":"2025-11-26T12:26:37+00:00","dateModified":"2026-02-02T19:14:57+00:00","breadcrumb":{"@id":"https:\/\/pasteleriapetra.es\/?product=nido-de-pistacho#breadcrumb"},"inLanguage":"es","potentialAction":[{"@type":"ReadAction","target":["https:\/\/pasteleriapetra.es\/?product=nido-de-pistacho"]}]},{"@type":"ImageObject","inLanguage":"es","@id":"https:\/\/pasteleriapetra.es\/?product=nido-de-pistacho#primaryimage","url":"https:\/\/pasteleriapetra.es\/wp-content\/uploads\/2025\/11\/20260121_103522-scaled.jpg","contentUrl":"https:\/\/pasteleriapetra.es\/wp-content\/uploads\/2025\/11\/20260121_103522-scaled.jpg","width":1196,"height":2560},{"@type":"BreadcrumbList","@id":"https:\/\/pasteleriapetra.es\/?product=nido-de-pistacho#breadcrumb","itemListElement":[{"@type":"ListItem","position":1,"name":"Portada","item":"https:\/\/pasteleriapetra.es\/"},{"@type":"ListItem","position":2,"name":"Shop","item":"https:\/\/pasteleriapetra.es\/?page_id=16"},{"@type":"ListItem","position":3,"name":"Nido de pistacho"}]},{"@type":"WebSite","@id":"https:\/\/pasteleriapetra.es\/#website","url":"https:\/\/pasteleriapetra.es\/","name":"Pasteler\u00eda Petra","description":"La mejor reposter\u00eda \u00e1rabe","publisher":{"@id":"https:\/\/pasteleriapetra.es\/#organization"},"potentialAction":[{"@type":"SearchAction","target":{"@type":"EntryPoint","urlTemplate":"https:\/\/pasteleriapetra.es\/?s={search_term_string}"},"query-input":{"@type":"PropertyValueSpecification","valueRequired":true,"valueName":"search_term_string"}}],"inLanguage":"es"},{"@type":"Organization","@id":"https:\/\/pasteleriapetra.es\/#organization","name":"Pasteler\u00eda Petra","url":"https:\/\/pasteleriapetra.es\/","logo":{"@type":"ImageObject","inLanguage":"es","@id":"https:\/\/pasteleriapetra.es\/#\/schema\/logo\/image\/","url":"https:\/\/pasteleriapetra.es\/wp-content\/uploads\/2025\/11\/cropped-Petra_logo-1.png","contentUrl":"https:\/\/pasteleriapetra.es\/wp-content\/uploads\/2025\/11\/cropped-Petra_logo-1.png","width":1999,"height":1335,"caption":"Pasteler\u00eda Petra"},"image":{"@id":"https:\/\/pasteleriapetra.es\/#\/schema\/logo\/image\/"}}]}},"_links":{"self":[{"href":"https:\/\/pasteleriapetra.es\/index.php?rest_route=\/wp\/v2\/product\/10515","targetHints":{"allow":["GET"]}}],"collection":[{"href":"https:\/\/pasteleriapetra.es\/index.php?rest_route=\/wp\/v2\/product"}],"about":[{"href":"https:\/\/pasteleriapetra.es\/index.php?rest_route=\/wp\/v2\/types\/product"}],"wp:featuredmedia":[{"embeddable":true,"href":"https:\/\/pasteleriapetra.es\/index.php?rest_route=\/wp\/v2\/media\/11011"}],"wp:attachment":[{"href":"https:\/\/pasteleriapetra.es\/index.php?rest_route=%2Fwp%2Fv2%2Fmedia&parent=10515"}],"wp:term":[{"taxonomy":"product_cat","embeddable":true,"href":"https:\/\/pasteleriapetra.es\/index.php?rest_route=%2Fwp%2Fv2%2Fproduct_cat&post=10515"},{"taxonomy":"product_tag","embeddable":true,"href":"https:\/\/pasteleriapetra.es\/index.php?rest_route=%2Fwp%2Fv2%2Fproduct_tag&post=10515"}],"curies":[{"name":"wp","href":"https:\/\/api.w.org\/{rel}","templated":true}]}}