{"id":10509,"date":"2025-11-26T12:23:35","date_gmt":"2025-11-26T12:23:35","guid":{"rendered":"https:\/\/pasteleriapetra.es\/?post_type=product&#038;p=10509"},"modified":"2026-02-02T19:19:10","modified_gmt":"2026-02-02T19:19:10","slug":"nido-con-chocolate-blanco-y-avellanas","status":"publish","type":"product","link":"https:\/\/pasteleriapetra.es\/?product=nido-con-chocolate-blanco-y-avellanas","title":{"rendered":"Nido con chocolate blanco y avellanas"},"content":{"rendered":"<p data-start=\"185\" data-end=\"444\">Delicioso dulce elaborado en forma de nido crujiente, relleno de cremoso chocolate y trozos de avellanas seleccionadas. Una combinaci\u00f3n perfecta de textura y sabor que conquista desde el primer bocado, ideal como postre, snack o acompa\u00f1amiento de caf\u00e9 y t\u00e9.<\/p>\n<p data-start=\"446\" data-end=\"598\"><strong data-start=\"446\" data-end=\"463\">Ingredientes:<\/strong><br data-start=\"463\" data-end=\"466\" \/>Harina, az\u00facar, mantequilla, chocolate, avellanas, leche en polvo, cacao, emulgente (lecitina de soja), aroma natural de vainilla.<\/p>\n<p data-start=\"600\" data-end=\"766\"><strong data-start=\"600\" data-end=\"614\">Al\u00e9rgenos:<\/strong><br data-start=\"614\" data-end=\"617\" \/>Contiene <strong data-start=\"626\" data-end=\"637\">l\u00e1cteos<\/strong>, <strong data-start=\"639\" data-end=\"647\">soja<\/strong> y <strong data-start=\"650\" data-end=\"671\">frutos de c\u00e1scara<\/strong> (avellanas).<br data-start=\"684\" data-end=\"687\" \/>Puede contener trazas de <strong data-start=\"712\" data-end=\"722\">gluten<\/strong>, <strong data-start=\"724\" data-end=\"733\">huevo<\/strong> y <strong data-start=\"736\" data-end=\"763\">otros frutos de c\u00e1scara<\/strong>.<\/p>\n","protected":false},"excerpt":{"rendered":"<p data-start=\"185\" data-end=\"444\">Delicioso dulce elaborado en forma de nido crujiente, relleno de cremoso chocolate y trozos de avellanas seleccionadas. Una combinaci\u00f3n perfecta de textura y sabor que conquista desde el primer bocado, ideal como postre, snack o acompa\u00f1amiento de caf\u00e9 y t\u00e9.<\/p>\n<p data-start=\"446\" data-end=\"598\"><strong data-start=\"446\" data-end=\"463\">Ingredientes:<\/strong><br data-start=\"463\" data-end=\"466\" \/>Harina, az\u00facar, mantequilla, chocolate, avellanas, leche en polvo, cacao, emulgente (lecitina de soja), aroma natural de vainilla.<\/p>\n<p data-start=\"600\" data-end=\"766\"><strong data-start=\"600\" data-end=\"614\">Al\u00e9rgenos:<\/strong><br data-start=\"614\" data-end=\"617\" \/>Contiene <strong data-start=\"626\" data-end=\"637\">l\u00e1cteos<\/strong>, <strong data-start=\"639\" data-end=\"647\">soja<\/strong> y <strong data-start=\"650\" data-end=\"671\">frutos de c\u00e1scara<\/strong> (avellanas).<br data-start=\"684\" data-end=\"687\" \/>Puede contener trazas de <strong data-start=\"712\" data-end=\"722\">gluten<\/strong>, <strong data-start=\"724\" data-end=\"733\">huevo<\/strong> y <strong data-start=\"736\" data-end=\"763\">otros frutos de c\u00e1scara<\/strong>.<\/p>\n","protected":false},"featured_media":11015,"template":"","meta":[],"product_cat":[69],"product_tag":[],"class_list":{"0":"post-10509","1":"product","2":"type-product","3":"status-publish","4":"has-post-thumbnail","6":"product_cat-nidos","8":"first","9":"instock","10":"shipping-taxable","11":"product-type-simple"},"yoast_head":"<!-- This site is optimized with the Yoast SEO plugin v26.8 - https:\/\/yoast.com\/product\/yoast-seo-wordpress\/ -->\n<title>Nido con chocolate blanco y avellanas - Pasteler\u00eda Petra<\/title>\n<meta name=\"robots\" content=\"index, follow, max-snippet:-1, max-image-preview:large, max-video-preview:-1\" \/>\n<link rel=\"canonical\" href=\"https:\/\/pasteleriapetra.es\/?product=nido-con-chocolate-blanco-y-avellanas\" \/>\n<meta property=\"og:locale\" content=\"es_ES\" \/>\n<meta property=\"og:type\" content=\"article\" \/>\n<meta property=\"og:title\" content=\"Nido con chocolate blanco y avellanas - Pasteler\u00eda Petra\" \/>\n<meta property=\"og:description\" content=\"Delicioso dulce elaborado en forma de nido crujiente, relleno de cremoso chocolate y trozos de avellanas seleccionadas. Una combinaci\u00f3n perfecta de textura y sabor que conquista desde el primer bocado, ideal como postre, snack o acompa\u00f1amiento de caf\u00e9 y t\u00e9. Ingredientes:Harina, az\u00facar, mantequilla, chocolate, avellanas, leche en polvo, cacao, emulgente (lecitina de soja), aroma natural de vainilla. Al\u00e9rgenos:Contiene l\u00e1cteos, soja y frutos de c\u00e1scara (avellanas).Puede contener trazas de gluten, huevo y otros frutos de c\u00e1scara.\" \/>\n<meta property=\"og:url\" content=\"https:\/\/pasteleriapetra.es\/?product=nido-con-chocolate-blanco-y-avellanas\" \/>\n<meta property=\"og:site_name\" content=\"Pasteler\u00eda Petra\" \/>\n<meta property=\"article:modified_time\" content=\"2026-02-02T19:19:10+00:00\" \/>\n<meta property=\"og:image\" content=\"https:\/\/pasteleriapetra.es\/wp-content\/uploads\/2025\/11\/20260121_103930-scaled.jpg\" \/>\n\t<meta property=\"og:image:width\" content=\"1196\" \/>\n\t<meta property=\"og:image:height\" content=\"2560\" \/>\n\t<meta property=\"og:image:type\" content=\"image\/jpeg\" \/>\n<meta name=\"twitter:card\" content=\"summary_large_image\" \/>\n<meta name=\"twitter:label1\" content=\"Tiempo de lectura\" \/>\n\t<meta name=\"twitter:data1\" content=\"1 minuto\" \/>\n<script type=\"application\/ld+json\" class=\"yoast-schema-graph\">{\"@context\":\"https:\/\/schema.org\",\"@graph\":[{\"@type\":\"WebPage\",\"@id\":\"https:\/\/pasteleriapetra.es\/?product=nido-con-chocolate-blanco-y-avellanas\",\"url\":\"https:\/\/pasteleriapetra.es\/?product=nido-con-chocolate-blanco-y-avellanas\",\"name\":\"Nido con chocolate blanco y avellanas - Pasteler\u00eda Petra\",\"isPartOf\":{\"@id\":\"https:\/\/pasteleriapetra.es\/#website\"},\"primaryImageOfPage\":{\"@id\":\"https:\/\/pasteleriapetra.es\/?product=nido-con-chocolate-blanco-y-avellanas#primaryimage\"},\"image\":{\"@id\":\"https:\/\/pasteleriapetra.es\/?product=nido-con-chocolate-blanco-y-avellanas#primaryimage\"},\"thumbnailUrl\":\"https:\/\/pasteleriapetra.es\/wp-content\/uploads\/2025\/11\/20260121_103930-scaled.jpg\",\"datePublished\":\"2025-11-26T12:23:35+00:00\",\"dateModified\":\"2026-02-02T19:19:10+00:00\",\"breadcrumb\":{\"@id\":\"https:\/\/pasteleriapetra.es\/?product=nido-con-chocolate-blanco-y-avellanas#breadcrumb\"},\"inLanguage\":\"es\",\"potentialAction\":[{\"@type\":\"ReadAction\",\"target\":[\"https:\/\/pasteleriapetra.es\/?product=nido-con-chocolate-blanco-y-avellanas\"]}]},{\"@type\":\"ImageObject\",\"inLanguage\":\"es\",\"@id\":\"https:\/\/pasteleriapetra.es\/?product=nido-con-chocolate-blanco-y-avellanas#primaryimage\",\"url\":\"https:\/\/pasteleriapetra.es\/wp-content\/uploads\/2025\/11\/20260121_103930-scaled.jpg\",\"contentUrl\":\"https:\/\/pasteleriapetra.es\/wp-content\/uploads\/2025\/11\/20260121_103930-scaled.jpg\",\"width\":1196,\"height\":2560},{\"@type\":\"BreadcrumbList\",\"@id\":\"https:\/\/pasteleriapetra.es\/?product=nido-con-chocolate-blanco-y-avellanas#breadcrumb\",\"itemListElement\":[{\"@type\":\"ListItem\",\"position\":1,\"name\":\"Portada\",\"item\":\"https:\/\/pasteleriapetra.es\/\"},{\"@type\":\"ListItem\",\"position\":2,\"name\":\"Shop\",\"item\":\"https:\/\/pasteleriapetra.es\/?page_id=16\"},{\"@type\":\"ListItem\",\"position\":3,\"name\":\"Nido con chocolate blanco y avellanas\"}]},{\"@type\":\"WebSite\",\"@id\":\"https:\/\/pasteleriapetra.es\/#website\",\"url\":\"https:\/\/pasteleriapetra.es\/\",\"name\":\"Pasteler\u00eda Petra\",\"description\":\"La mejor reposter\u00eda \u00e1rabe\",\"publisher\":{\"@id\":\"https:\/\/pasteleriapetra.es\/#organization\"},\"potentialAction\":[{\"@type\":\"SearchAction\",\"target\":{\"@type\":\"EntryPoint\",\"urlTemplate\":\"https:\/\/pasteleriapetra.es\/?s={search_term_string}\"},\"query-input\":{\"@type\":\"PropertyValueSpecification\",\"valueRequired\":true,\"valueName\":\"search_term_string\"}}],\"inLanguage\":\"es\"},{\"@type\":\"Organization\",\"@id\":\"https:\/\/pasteleriapetra.es\/#organization\",\"name\":\"Pasteler\u00eda Petra\",\"url\":\"https:\/\/pasteleriapetra.es\/\",\"logo\":{\"@type\":\"ImageObject\",\"inLanguage\":\"es\",\"@id\":\"https:\/\/pasteleriapetra.es\/#\/schema\/logo\/image\/\",\"url\":\"https:\/\/pasteleriapetra.es\/wp-content\/uploads\/2025\/11\/cropped-Petra_logo-1.png\",\"contentUrl\":\"https:\/\/pasteleriapetra.es\/wp-content\/uploads\/2025\/11\/cropped-Petra_logo-1.png\",\"width\":1999,\"height\":1335,\"caption\":\"Pasteler\u00eda Petra\"},\"image\":{\"@id\":\"https:\/\/pasteleriapetra.es\/#\/schema\/logo\/image\/\"}}]}<\/script>\n<!-- \/ Yoast SEO plugin. -->","yoast_head_json":{"title":"Nido con chocolate blanco y avellanas - Pasteler\u00eda Petra","robots":{"index":"index","follow":"follow","max-snippet":"max-snippet:-1","max-image-preview":"max-image-preview:large","max-video-preview":"max-video-preview:-1"},"canonical":"https:\/\/pasteleriapetra.es\/?product=nido-con-chocolate-blanco-y-avellanas","og_locale":"es_ES","og_type":"article","og_title":"Nido con chocolate blanco y avellanas - Pasteler\u00eda Petra","og_description":"Delicioso dulce elaborado en forma de nido crujiente, relleno de cremoso chocolate y trozos de avellanas seleccionadas. Una combinaci\u00f3n perfecta de textura y sabor que conquista desde el primer bocado, ideal como postre, snack o acompa\u00f1amiento de caf\u00e9 y t\u00e9. Ingredientes:Harina, az\u00facar, mantequilla, chocolate, avellanas, leche en polvo, cacao, emulgente (lecitina de soja), aroma natural de vainilla. Al\u00e9rgenos:Contiene l\u00e1cteos, soja y frutos de c\u00e1scara (avellanas).Puede contener trazas de gluten, huevo y otros frutos de c\u00e1scara.","og_url":"https:\/\/pasteleriapetra.es\/?product=nido-con-chocolate-blanco-y-avellanas","og_site_name":"Pasteler\u00eda Petra","article_modified_time":"2026-02-02T19:19:10+00:00","og_image":[{"width":1196,"height":2560,"url":"https:\/\/pasteleriapetra.es\/wp-content\/uploads\/2025\/11\/20260121_103930-scaled.jpg","type":"image\/jpeg"}],"twitter_card":"summary_large_image","twitter_misc":{"Tiempo de lectura":"1 minuto"},"schema":{"@context":"https:\/\/schema.org","@graph":[{"@type":"WebPage","@id":"https:\/\/pasteleriapetra.es\/?product=nido-con-chocolate-blanco-y-avellanas","url":"https:\/\/pasteleriapetra.es\/?product=nido-con-chocolate-blanco-y-avellanas","name":"Nido con chocolate blanco y avellanas - Pasteler\u00eda Petra","isPartOf":{"@id":"https:\/\/pasteleriapetra.es\/#website"},"primaryImageOfPage":{"@id":"https:\/\/pasteleriapetra.es\/?product=nido-con-chocolate-blanco-y-avellanas#primaryimage"},"image":{"@id":"https:\/\/pasteleriapetra.es\/?product=nido-con-chocolate-blanco-y-avellanas#primaryimage"},"thumbnailUrl":"https:\/\/pasteleriapetra.es\/wp-content\/uploads\/2025\/11\/20260121_103930-scaled.jpg","datePublished":"2025-11-26T12:23:35+00:00","dateModified":"2026-02-02T19:19:10+00:00","breadcrumb":{"@id":"https:\/\/pasteleriapetra.es\/?product=nido-con-chocolate-blanco-y-avellanas#breadcrumb"},"inLanguage":"es","potentialAction":[{"@type":"ReadAction","target":["https:\/\/pasteleriapetra.es\/?product=nido-con-chocolate-blanco-y-avellanas"]}]},{"@type":"ImageObject","inLanguage":"es","@id":"https:\/\/pasteleriapetra.es\/?product=nido-con-chocolate-blanco-y-avellanas#primaryimage","url":"https:\/\/pasteleriapetra.es\/wp-content\/uploads\/2025\/11\/20260121_103930-scaled.jpg","contentUrl":"https:\/\/pasteleriapetra.es\/wp-content\/uploads\/2025\/11\/20260121_103930-scaled.jpg","width":1196,"height":2560},{"@type":"BreadcrumbList","@id":"https:\/\/pasteleriapetra.es\/?product=nido-con-chocolate-blanco-y-avellanas#breadcrumb","itemListElement":[{"@type":"ListItem","position":1,"name":"Portada","item":"https:\/\/pasteleriapetra.es\/"},{"@type":"ListItem","position":2,"name":"Shop","item":"https:\/\/pasteleriapetra.es\/?page_id=16"},{"@type":"ListItem","position":3,"name":"Nido con chocolate blanco y avellanas"}]},{"@type":"WebSite","@id":"https:\/\/pasteleriapetra.es\/#website","url":"https:\/\/pasteleriapetra.es\/","name":"Pasteler\u00eda Petra","description":"La mejor reposter\u00eda \u00e1rabe","publisher":{"@id":"https:\/\/pasteleriapetra.es\/#organization"},"potentialAction":[{"@type":"SearchAction","target":{"@type":"EntryPoint","urlTemplate":"https:\/\/pasteleriapetra.es\/?s={search_term_string}"},"query-input":{"@type":"PropertyValueSpecification","valueRequired":true,"valueName":"search_term_string"}}],"inLanguage":"es"},{"@type":"Organization","@id":"https:\/\/pasteleriapetra.es\/#organization","name":"Pasteler\u00eda Petra","url":"https:\/\/pasteleriapetra.es\/","logo":{"@type":"ImageObject","inLanguage":"es","@id":"https:\/\/pasteleriapetra.es\/#\/schema\/logo\/image\/","url":"https:\/\/pasteleriapetra.es\/wp-content\/uploads\/2025\/11\/cropped-Petra_logo-1.png","contentUrl":"https:\/\/pasteleriapetra.es\/wp-content\/uploads\/2025\/11\/cropped-Petra_logo-1.png","width":1999,"height":1335,"caption":"Pasteler\u00eda Petra"},"image":{"@id":"https:\/\/pasteleriapetra.es\/#\/schema\/logo\/image\/"}}]}},"_links":{"self":[{"href":"https:\/\/pasteleriapetra.es\/index.php?rest_route=\/wp\/v2\/product\/10509","targetHints":{"allow":["GET"]}}],"collection":[{"href":"https:\/\/pasteleriapetra.es\/index.php?rest_route=\/wp\/v2\/product"}],"about":[{"href":"https:\/\/pasteleriapetra.es\/index.php?rest_route=\/wp\/v2\/types\/product"}],"wp:featuredmedia":[{"embeddable":true,"href":"https:\/\/pasteleriapetra.es\/index.php?rest_route=\/wp\/v2\/media\/11015"}],"wp:attachment":[{"href":"https:\/\/pasteleriapetra.es\/index.php?rest_route=%2Fwp%2Fv2%2Fmedia&parent=10509"}],"wp:term":[{"taxonomy":"product_cat","embeddable":true,"href":"https:\/\/pasteleriapetra.es\/index.php?rest_route=%2Fwp%2Fv2%2Fproduct_cat&post=10509"},{"taxonomy":"product_tag","embeddable":true,"href":"https:\/\/pasteleriapetra.es\/index.php?rest_route=%2Fwp%2Fv2%2Fproduct_tag&post=10509"}],"curies":[{"name":"wp","href":"https:\/\/api.w.org\/{rel}","templated":true}]}}