{"id":10495,"date":"2025-11-26T12:15:28","date_gmt":"2025-11-26T12:15:28","guid":{"rendered":"https:\/\/pasteleriapetra.es\/?post_type=product&#038;p=10495"},"modified":"2026-03-16T09:33:29","modified_gmt":"2026-03-16T09:33:29","slug":"maamoul-de-datiles-y-sesamo","status":"publish","type":"product","link":"https:\/\/pasteleriapetra.es\/?product=maamoul-de-datiles-y-sesamo","title":{"rendered":"Maamoul de d\u00e1tiles y s\u00e9samo"},"content":{"rendered":"<p data-start=\"178\" data-end=\"452\">Delicioso dulce tradicional elaborado con masa tierna y delicada, relleno de d\u00e1tiles naturales y acompa\u00f1ado de un toque crujiente de s\u00e9samo. Una combinaci\u00f3n perfecta de dulzura y textura que lo convierte en un bocado ideal para postre, snack o acompa\u00f1amiento de caf\u00e9 y t\u00e9.<\/p>\n<p data-start=\"454\" data-end=\"577\"><strong data-start=\"454\" data-end=\"471\">Ingredientes:<\/strong><br data-start=\"471\" data-end=\"474\" \/>Harina de trigo, d\u00e1tiles, mantequilla, s\u00e9samo, az\u00facar, agua de azahar, aceite vegetal, levadura, sal.<\/p>\n<p data-start=\"579\" data-end=\"738\"><strong data-start=\"579\" data-end=\"593\">Al\u00e9rgenos:<\/strong><br data-start=\"593\" data-end=\"596\" \/>Contiene <strong data-start=\"605\" data-end=\"615\">gluten<\/strong> (trigo), <strong data-start=\"625\" data-end=\"636\">l\u00e1cteos<\/strong> (mantequilla) y <strong data-start=\"653\" data-end=\"663\">s\u00e9samo<\/strong>.<br data-start=\"664\" data-end=\"667\" \/>Puede contener trazas de <strong data-start=\"692\" data-end=\"713\">frutos de c\u00e1scara<\/strong>, <strong data-start=\"715\" data-end=\"724\">huevo<\/strong> y <strong data-start=\"727\" data-end=\"735\">soja<\/strong>.<\/p>\n","protected":false},"excerpt":{"rendered":"<p data-start=\"178\" data-end=\"452\">Delicioso dulce tradicional elaborado con masa tierna y delicada, relleno de d\u00e1tiles naturales y acompa\u00f1ado de un toque crujiente de s\u00e9samo. Una combinaci\u00f3n perfecta de dulzura y textura que lo convierte en un bocado ideal para postre, snack o acompa\u00f1amiento de caf\u00e9 y t\u00e9.<\/p>\n<p data-start=\"454\" data-end=\"577\"><strong data-start=\"454\" data-end=\"471\">Ingredientes:<\/strong><br data-start=\"471\" data-end=\"474\" \/>Harina de trigo, d\u00e1tiles, mantequilla, s\u00e9samo, az\u00facar, agua de azahar, aceite vegetal, levadura, sal.<\/p>\n<p data-start=\"579\" data-end=\"738\"><strong data-start=\"579\" data-end=\"593\">Al\u00e9rgenos:<\/strong><br data-start=\"593\" data-end=\"596\" \/>Contiene <strong data-start=\"605\" data-end=\"615\">gluten<\/strong> (trigo), <strong data-start=\"625\" data-end=\"636\">l\u00e1cteos<\/strong> (mantequilla) y <strong data-start=\"653\" data-end=\"663\">s\u00e9samo<\/strong>.<br data-start=\"664\" data-end=\"667\" \/>Puede contener trazas de <strong data-start=\"692\" data-end=\"713\">frutos de c\u00e1scara<\/strong>, <strong data-start=\"715\" data-end=\"724\">huevo<\/strong> y <strong data-start=\"727\" data-end=\"735\">soja<\/strong>.<\/p>\n","protected":false},"featured_media":11051,"template":"","meta":[],"product_cat":[73],"product_tag":[],"class_list":{"0":"post-10495","1":"product","2":"type-product","3":"status-publish","4":"has-post-thumbnail","6":"product_cat-maamoul","8":"first","9":"instock","10":"shipping-taxable","11":"product-type-simple"},"yoast_head":"<!-- This site is optimized with the Yoast SEO plugin v26.8 - https:\/\/yoast.com\/product\/yoast-seo-wordpress\/ -->\n<title>Maamoul de d\u00e1tiles y s\u00e9samo - Pasteler\u00eda Petra<\/title>\n<meta name=\"robots\" content=\"index, follow, max-snippet:-1, max-image-preview:large, max-video-preview:-1\" \/>\n<link rel=\"canonical\" href=\"https:\/\/pasteleriapetra.es\/?product=maamoul-de-datiles-y-sesamo\" \/>\n<meta property=\"og:locale\" content=\"es_ES\" \/>\n<meta property=\"og:type\" content=\"article\" \/>\n<meta property=\"og:title\" content=\"Maamoul de d\u00e1tiles y s\u00e9samo - Pasteler\u00eda Petra\" \/>\n<meta property=\"og:description\" content=\"Delicioso dulce tradicional elaborado con masa tierna y delicada, relleno de d\u00e1tiles naturales y acompa\u00f1ado de un toque crujiente de s\u00e9samo. Una combinaci\u00f3n perfecta de dulzura y textura que lo convierte en un bocado ideal para postre, snack o acompa\u00f1amiento de caf\u00e9 y t\u00e9. Ingredientes:Harina de trigo, d\u00e1tiles, mantequilla, s\u00e9samo, az\u00facar, agua de azahar, aceite vegetal, levadura, sal. Al\u00e9rgenos:Contiene gluten (trigo), l\u00e1cteos (mantequilla) y s\u00e9samo.Puede contener trazas de frutos de c\u00e1scara, huevo y soja.\" \/>\n<meta property=\"og:url\" content=\"https:\/\/pasteleriapetra.es\/?product=maamoul-de-datiles-y-sesamo\" \/>\n<meta property=\"og:site_name\" content=\"Pasteler\u00eda Petra\" \/>\n<meta property=\"article:modified_time\" content=\"2026-03-16T09:33:29+00:00\" \/>\n<meta property=\"og:image\" content=\"https:\/\/pasteleriapetra.es\/wp-content\/uploads\/2025\/11\/20260304_103923-scaled.jpg\" \/>\n\t<meta property=\"og:image:width\" content=\"2560\" \/>\n\t<meta property=\"og:image:height\" content=\"1196\" \/>\n\t<meta property=\"og:image:type\" content=\"image\/jpeg\" \/>\n<meta name=\"twitter:card\" content=\"summary_large_image\" \/>\n<meta name=\"twitter:label1\" content=\"Tiempo de lectura\" \/>\n\t<meta name=\"twitter:data1\" content=\"1 minuto\" \/>\n<script type=\"application\/ld+json\" class=\"yoast-schema-graph\">{\"@context\":\"https:\/\/schema.org\",\"@graph\":[{\"@type\":\"WebPage\",\"@id\":\"https:\/\/pasteleriapetra.es\/?product=maamoul-de-datiles-y-sesamo\",\"url\":\"https:\/\/pasteleriapetra.es\/?product=maamoul-de-datiles-y-sesamo\",\"name\":\"Maamoul de d\u00e1tiles y s\u00e9samo - Pasteler\u00eda Petra\",\"isPartOf\":{\"@id\":\"https:\/\/pasteleriapetra.es\/#website\"},\"primaryImageOfPage\":{\"@id\":\"https:\/\/pasteleriapetra.es\/?product=maamoul-de-datiles-y-sesamo#primaryimage\"},\"image\":{\"@id\":\"https:\/\/pasteleriapetra.es\/?product=maamoul-de-datiles-y-sesamo#primaryimage\"},\"thumbnailUrl\":\"https:\/\/pasteleriapetra.es\/wp-content\/uploads\/2025\/11\/20260304_103923-scaled.jpg\",\"datePublished\":\"2025-11-26T12:15:28+00:00\",\"dateModified\":\"2026-03-16T09:33:29+00:00\",\"breadcrumb\":{\"@id\":\"https:\/\/pasteleriapetra.es\/?product=maamoul-de-datiles-y-sesamo#breadcrumb\"},\"inLanguage\":\"es\",\"potentialAction\":[{\"@type\":\"ReadAction\",\"target\":[\"https:\/\/pasteleriapetra.es\/?product=maamoul-de-datiles-y-sesamo\"]}]},{\"@type\":\"ImageObject\",\"inLanguage\":\"es\",\"@id\":\"https:\/\/pasteleriapetra.es\/?product=maamoul-de-datiles-y-sesamo#primaryimage\",\"url\":\"https:\/\/pasteleriapetra.es\/wp-content\/uploads\/2025\/11\/20260304_103923-scaled.jpg\",\"contentUrl\":\"https:\/\/pasteleriapetra.es\/wp-content\/uploads\/2025\/11\/20260304_103923-scaled.jpg\",\"width\":2560,\"height\":1196},{\"@type\":\"BreadcrumbList\",\"@id\":\"https:\/\/pasteleriapetra.es\/?product=maamoul-de-datiles-y-sesamo#breadcrumb\",\"itemListElement\":[{\"@type\":\"ListItem\",\"position\":1,\"name\":\"Portada\",\"item\":\"https:\/\/pasteleriapetra.es\/\"},{\"@type\":\"ListItem\",\"position\":2,\"name\":\"Shop\",\"item\":\"https:\/\/pasteleriapetra.es\/?page_id=16\"},{\"@type\":\"ListItem\",\"position\":3,\"name\":\"Maamoul de d\u00e1tiles y s\u00e9samo\"}]},{\"@type\":\"WebSite\",\"@id\":\"https:\/\/pasteleriapetra.es\/#website\",\"url\":\"https:\/\/pasteleriapetra.es\/\",\"name\":\"Pasteler\u00eda Petra\",\"description\":\"La mejor reposter\u00eda \u00e1rabe\",\"publisher\":{\"@id\":\"https:\/\/pasteleriapetra.es\/#organization\"},\"potentialAction\":[{\"@type\":\"SearchAction\",\"target\":{\"@type\":\"EntryPoint\",\"urlTemplate\":\"https:\/\/pasteleriapetra.es\/?s={search_term_string}\"},\"query-input\":{\"@type\":\"PropertyValueSpecification\",\"valueRequired\":true,\"valueName\":\"search_term_string\"}}],\"inLanguage\":\"es\"},{\"@type\":\"Organization\",\"@id\":\"https:\/\/pasteleriapetra.es\/#organization\",\"name\":\"Pasteler\u00eda Petra\",\"url\":\"https:\/\/pasteleriapetra.es\/\",\"logo\":{\"@type\":\"ImageObject\",\"inLanguage\":\"es\",\"@id\":\"https:\/\/pasteleriapetra.es\/#\/schema\/logo\/image\/\",\"url\":\"https:\/\/pasteleriapetra.es\/wp-content\/uploads\/2025\/11\/cropped-Petra_logo-1.png\",\"contentUrl\":\"https:\/\/pasteleriapetra.es\/wp-content\/uploads\/2025\/11\/cropped-Petra_logo-1.png\",\"width\":1999,\"height\":1335,\"caption\":\"Pasteler\u00eda Petra\"},\"image\":{\"@id\":\"https:\/\/pasteleriapetra.es\/#\/schema\/logo\/image\/\"}}]}<\/script>\n<!-- \/ Yoast SEO plugin. -->","yoast_head_json":{"title":"Maamoul de d\u00e1tiles y s\u00e9samo - Pasteler\u00eda Petra","robots":{"index":"index","follow":"follow","max-snippet":"max-snippet:-1","max-image-preview":"max-image-preview:large","max-video-preview":"max-video-preview:-1"},"canonical":"https:\/\/pasteleriapetra.es\/?product=maamoul-de-datiles-y-sesamo","og_locale":"es_ES","og_type":"article","og_title":"Maamoul de d\u00e1tiles y s\u00e9samo - Pasteler\u00eda Petra","og_description":"Delicioso dulce tradicional elaborado con masa tierna y delicada, relleno de d\u00e1tiles naturales y acompa\u00f1ado de un toque crujiente de s\u00e9samo. Una combinaci\u00f3n perfecta de dulzura y textura que lo convierte en un bocado ideal para postre, snack o acompa\u00f1amiento de caf\u00e9 y t\u00e9. Ingredientes:Harina de trigo, d\u00e1tiles, mantequilla, s\u00e9samo, az\u00facar, agua de azahar, aceite vegetal, levadura, sal. Al\u00e9rgenos:Contiene gluten (trigo), l\u00e1cteos (mantequilla) y s\u00e9samo.Puede contener trazas de frutos de c\u00e1scara, huevo y soja.","og_url":"https:\/\/pasteleriapetra.es\/?product=maamoul-de-datiles-y-sesamo","og_site_name":"Pasteler\u00eda Petra","article_modified_time":"2026-03-16T09:33:29+00:00","og_image":[{"width":2560,"height":1196,"url":"https:\/\/pasteleriapetra.es\/wp-content\/uploads\/2025\/11\/20260304_103923-scaled.jpg","type":"image\/jpeg"}],"twitter_card":"summary_large_image","twitter_misc":{"Tiempo de lectura":"1 minuto"},"schema":{"@context":"https:\/\/schema.org","@graph":[{"@type":"WebPage","@id":"https:\/\/pasteleriapetra.es\/?product=maamoul-de-datiles-y-sesamo","url":"https:\/\/pasteleriapetra.es\/?product=maamoul-de-datiles-y-sesamo","name":"Maamoul de d\u00e1tiles y s\u00e9samo - Pasteler\u00eda Petra","isPartOf":{"@id":"https:\/\/pasteleriapetra.es\/#website"},"primaryImageOfPage":{"@id":"https:\/\/pasteleriapetra.es\/?product=maamoul-de-datiles-y-sesamo#primaryimage"},"image":{"@id":"https:\/\/pasteleriapetra.es\/?product=maamoul-de-datiles-y-sesamo#primaryimage"},"thumbnailUrl":"https:\/\/pasteleriapetra.es\/wp-content\/uploads\/2025\/11\/20260304_103923-scaled.jpg","datePublished":"2025-11-26T12:15:28+00:00","dateModified":"2026-03-16T09:33:29+00:00","breadcrumb":{"@id":"https:\/\/pasteleriapetra.es\/?product=maamoul-de-datiles-y-sesamo#breadcrumb"},"inLanguage":"es","potentialAction":[{"@type":"ReadAction","target":["https:\/\/pasteleriapetra.es\/?product=maamoul-de-datiles-y-sesamo"]}]},{"@type":"ImageObject","inLanguage":"es","@id":"https:\/\/pasteleriapetra.es\/?product=maamoul-de-datiles-y-sesamo#primaryimage","url":"https:\/\/pasteleriapetra.es\/wp-content\/uploads\/2025\/11\/20260304_103923-scaled.jpg","contentUrl":"https:\/\/pasteleriapetra.es\/wp-content\/uploads\/2025\/11\/20260304_103923-scaled.jpg","width":2560,"height":1196},{"@type":"BreadcrumbList","@id":"https:\/\/pasteleriapetra.es\/?product=maamoul-de-datiles-y-sesamo#breadcrumb","itemListElement":[{"@type":"ListItem","position":1,"name":"Portada","item":"https:\/\/pasteleriapetra.es\/"},{"@type":"ListItem","position":2,"name":"Shop","item":"https:\/\/pasteleriapetra.es\/?page_id=16"},{"@type":"ListItem","position":3,"name":"Maamoul de d\u00e1tiles y s\u00e9samo"}]},{"@type":"WebSite","@id":"https:\/\/pasteleriapetra.es\/#website","url":"https:\/\/pasteleriapetra.es\/","name":"Pasteler\u00eda Petra","description":"La mejor reposter\u00eda \u00e1rabe","publisher":{"@id":"https:\/\/pasteleriapetra.es\/#organization"},"potentialAction":[{"@type":"SearchAction","target":{"@type":"EntryPoint","urlTemplate":"https:\/\/pasteleriapetra.es\/?s={search_term_string}"},"query-input":{"@type":"PropertyValueSpecification","valueRequired":true,"valueName":"search_term_string"}}],"inLanguage":"es"},{"@type":"Organization","@id":"https:\/\/pasteleriapetra.es\/#organization","name":"Pasteler\u00eda Petra","url":"https:\/\/pasteleriapetra.es\/","logo":{"@type":"ImageObject","inLanguage":"es","@id":"https:\/\/pasteleriapetra.es\/#\/schema\/logo\/image\/","url":"https:\/\/pasteleriapetra.es\/wp-content\/uploads\/2025\/11\/cropped-Petra_logo-1.png","contentUrl":"https:\/\/pasteleriapetra.es\/wp-content\/uploads\/2025\/11\/cropped-Petra_logo-1.png","width":1999,"height":1335,"caption":"Pasteler\u00eda Petra"},"image":{"@id":"https:\/\/pasteleriapetra.es\/#\/schema\/logo\/image\/"}}]}},"_links":{"self":[{"href":"https:\/\/pasteleriapetra.es\/index.php?rest_route=\/wp\/v2\/product\/10495","targetHints":{"allow":["GET"]}}],"collection":[{"href":"https:\/\/pasteleriapetra.es\/index.php?rest_route=\/wp\/v2\/product"}],"about":[{"href":"https:\/\/pasteleriapetra.es\/index.php?rest_route=\/wp\/v2\/types\/product"}],"wp:featuredmedia":[{"embeddable":true,"href":"https:\/\/pasteleriapetra.es\/index.php?rest_route=\/wp\/v2\/media\/11051"}],"wp:attachment":[{"href":"https:\/\/pasteleriapetra.es\/index.php?rest_route=%2Fwp%2Fv2%2Fmedia&parent=10495"}],"wp:term":[{"taxonomy":"product_cat","embeddable":true,"href":"https:\/\/pasteleriapetra.es\/index.php?rest_route=%2Fwp%2Fv2%2Fproduct_cat&post=10495"},{"taxonomy":"product_tag","embeddable":true,"href":"https:\/\/pasteleriapetra.es\/index.php?rest_route=%2Fwp%2Fv2%2Fproduct_tag&post=10495"}],"curies":[{"name":"wp","href":"https:\/\/api.w.org\/{rel}","templated":true}]}}