{"id":10478,"date":"2025-11-26T12:03:49","date_gmt":"2025-11-26T12:03:49","guid":{"rendered":"https:\/\/pasteleriapetra.es\/?post_type=product&#038;p=10478"},"modified":"2026-01-14T17:09:43","modified_gmt":"2026-01-14T17:09:43","slug":"dulce-de-pistacho-y-miel","status":"publish","type":"product","link":"https:\/\/pasteleriapetra.es\/?product=dulce-de-pistacho-y-miel","title":{"rendered":"Dulce de pistacho y miel"},"content":{"rendered":"<p data-start=\"173\" data-end=\"403\">Deliciosos dedos elaborados con una base crujiente de pistacho, endulzados con miel, que ofrecen una combinaci\u00f3n equilibrada de textura y sabor. Un bocado suave y arom\u00e1tico, ideal como snack dulce, postre o para acompa\u00f1ar el caf\u00e9.<\/p>\n<p data-start=\"405\" data-end=\"555\"><strong data-start=\"405\" data-end=\"422\">Ingredientes:<\/strong><br data-start=\"422\" data-end=\"425\" \/>Pistacho, miel, az\u00facar, manteca de cacao, leche en polvo, suero de leche, emulgente (lecitina de soja), aroma natural de vainilla.<\/p>\n<p data-start=\"557\" data-end=\"718\"><strong data-start=\"557\" data-end=\"571\">Al\u00e9rgenos:<\/strong><br data-start=\"571\" data-end=\"574\" \/>Contiene <strong data-start=\"583\" data-end=\"595\">pistacho<\/strong> (fruto de c\u00e1scara), <strong data-start=\"616\" data-end=\"625\">leche<\/strong> y <strong data-start=\"628\" data-end=\"636\">soja<\/strong>.<br data-start=\"637\" data-end=\"640\" \/>Puede contener trazas de <strong data-start=\"665\" data-end=\"692\">otros frutos de c\u00e1scara<\/strong>, <strong data-start=\"694\" data-end=\"704\">gluten<\/strong> y <strong data-start=\"707\" data-end=\"717\">s\u00e9samo<\/strong>.<\/p>\n","protected":false},"excerpt":{"rendered":"<p data-start=\"173\" data-end=\"403\">Deliciosos dedos elaborados con una base crujiente de pistacho, endulzados con miel, que ofrecen una combinaci\u00f3n equilibrada de textura y sabor. Un bocado suave y arom\u00e1tico, ideal como snack dulce, postre o para acompa\u00f1ar el caf\u00e9.<\/p>\n<p data-start=\"405\" data-end=\"555\"><strong data-start=\"405\" data-end=\"422\">Ingredientes:<\/strong><br data-start=\"422\" data-end=\"425\" \/>Pistacho, miel, az\u00facar, manteca de cacao, leche en polvo, suero de leche, emulgente (lecitina de soja), aroma natural de vainilla.<\/p>\n<p data-start=\"557\" data-end=\"718\"><strong data-start=\"557\" data-end=\"571\">Al\u00e9rgenos:<\/strong><br data-start=\"571\" data-end=\"574\" \/>Contiene <strong data-start=\"583\" data-end=\"595\">pistacho<\/strong> (fruto de c\u00e1scara), <strong data-start=\"616\" data-end=\"625\">leche<\/strong> y <strong data-start=\"628\" data-end=\"636\">soja<\/strong>.<br data-start=\"637\" data-end=\"640\" \/>Puede contener trazas de <strong data-start=\"665\" data-end=\"692\">otros frutos de c\u00e1scara<\/strong>, <strong data-start=\"694\" data-end=\"704\">gluten<\/strong> y <strong data-start=\"707\" data-end=\"717\">s\u00e9samo<\/strong>.<\/p>\n","protected":false},"featured_media":10479,"template":"","meta":[],"product_cat":[15],"product_tag":[],"class_list":{"0":"post-10478","1":"product","2":"type-product","3":"status-publish","4":"has-post-thumbnail","6":"product_cat-uncategorized","8":"first","9":"instock","10":"shipping-taxable","11":"product-type-simple"},"yoast_head":"<!-- This site is optimized with the Yoast SEO plugin v26.8 - https:\/\/yoast.com\/product\/yoast-seo-wordpress\/ -->\n<title>Dulce de pistacho y miel - Pasteler\u00eda Petra<\/title>\n<meta name=\"robots\" content=\"index, follow, max-snippet:-1, max-image-preview:large, max-video-preview:-1\" \/>\n<link rel=\"canonical\" href=\"https:\/\/pasteleriapetra.es\/?product=dulce-de-pistacho-y-miel\" \/>\n<meta property=\"og:locale\" content=\"es_ES\" \/>\n<meta property=\"og:type\" content=\"article\" \/>\n<meta property=\"og:title\" content=\"Dulce de pistacho y miel - Pasteler\u00eda Petra\" \/>\n<meta property=\"og:description\" content=\"Deliciosos dedos elaborados con una base crujiente de pistacho, endulzados con miel, que ofrecen una combinaci\u00f3n equilibrada de textura y sabor. Un bocado suave y arom\u00e1tico, ideal como snack dulce, postre o para acompa\u00f1ar el caf\u00e9. Ingredientes:Pistacho, miel, az\u00facar, manteca de cacao, leche en polvo, suero de leche, emulgente (lecitina de soja), aroma natural de vainilla. Al\u00e9rgenos:Contiene pistacho (fruto de c\u00e1scara), leche y soja.Puede contener trazas de otros frutos de c\u00e1scara, gluten y s\u00e9samo.\" \/>\n<meta property=\"og:url\" content=\"https:\/\/pasteleriapetra.es\/?product=dulce-de-pistacho-y-miel\" \/>\n<meta property=\"og:site_name\" content=\"Pasteler\u00eda Petra\" \/>\n<meta property=\"article:modified_time\" content=\"2026-01-14T17:09:43+00:00\" \/>\n<meta property=\"og:image\" content=\"https:\/\/pasteleriapetra.es\/wp-content\/uploads\/2025\/11\/Dulce-de-pistacho-y-miel-scaled-e1764158620668.jpg\" \/>\n\t<meta property=\"og:image:width\" content=\"780\" \/>\n\t<meta property=\"og:image:height\" content=\"567\" \/>\n\t<meta property=\"og:image:type\" content=\"image\/jpeg\" \/>\n<meta name=\"twitter:card\" content=\"summary_large_image\" \/>\n<meta name=\"twitter:label1\" content=\"Tiempo de lectura\" \/>\n\t<meta name=\"twitter:data1\" content=\"1 minuto\" \/>\n<script type=\"application\/ld+json\" class=\"yoast-schema-graph\">{\"@context\":\"https:\/\/schema.org\",\"@graph\":[{\"@type\":\"WebPage\",\"@id\":\"https:\/\/pasteleriapetra.es\/?product=dulce-de-pistacho-y-miel\",\"url\":\"https:\/\/pasteleriapetra.es\/?product=dulce-de-pistacho-y-miel\",\"name\":\"Dulce de pistacho y miel - Pasteler\u00eda Petra\",\"isPartOf\":{\"@id\":\"https:\/\/pasteleriapetra.es\/#website\"},\"primaryImageOfPage\":{\"@id\":\"https:\/\/pasteleriapetra.es\/?product=dulce-de-pistacho-y-miel#primaryimage\"},\"image\":{\"@id\":\"https:\/\/pasteleriapetra.es\/?product=dulce-de-pistacho-y-miel#primaryimage\"},\"thumbnailUrl\":\"https:\/\/pasteleriapetra.es\/wp-content\/uploads\/2025\/11\/Dulce-de-pistacho-y-miel-scaled-e1764158620668.jpg\",\"datePublished\":\"2025-11-26T12:03:49+00:00\",\"dateModified\":\"2026-01-14T17:09:43+00:00\",\"breadcrumb\":{\"@id\":\"https:\/\/pasteleriapetra.es\/?product=dulce-de-pistacho-y-miel#breadcrumb\"},\"inLanguage\":\"es\",\"potentialAction\":[{\"@type\":\"ReadAction\",\"target\":[\"https:\/\/pasteleriapetra.es\/?product=dulce-de-pistacho-y-miel\"]}]},{\"@type\":\"ImageObject\",\"inLanguage\":\"es\",\"@id\":\"https:\/\/pasteleriapetra.es\/?product=dulce-de-pistacho-y-miel#primaryimage\",\"url\":\"https:\/\/pasteleriapetra.es\/wp-content\/uploads\/2025\/11\/Dulce-de-pistacho-y-miel-scaled-e1764158620668.jpg\",\"contentUrl\":\"https:\/\/pasteleriapetra.es\/wp-content\/uploads\/2025\/11\/Dulce-de-pistacho-y-miel-scaled-e1764158620668.jpg\",\"width\":780,\"height\":567},{\"@type\":\"BreadcrumbList\",\"@id\":\"https:\/\/pasteleriapetra.es\/?product=dulce-de-pistacho-y-miel#breadcrumb\",\"itemListElement\":[{\"@type\":\"ListItem\",\"position\":1,\"name\":\"Portada\",\"item\":\"https:\/\/pasteleriapetra.es\/\"},{\"@type\":\"ListItem\",\"position\":2,\"name\":\"Shop\",\"item\":\"https:\/\/pasteleriapetra.es\/?page_id=16\"},{\"@type\":\"ListItem\",\"position\":3,\"name\":\"Dulce de pistacho y miel\"}]},{\"@type\":\"WebSite\",\"@id\":\"https:\/\/pasteleriapetra.es\/#website\",\"url\":\"https:\/\/pasteleriapetra.es\/\",\"name\":\"Pasteler\u00eda Petra\",\"description\":\"La mejor reposter\u00eda \u00e1rabe\",\"publisher\":{\"@id\":\"https:\/\/pasteleriapetra.es\/#organization\"},\"potentialAction\":[{\"@type\":\"SearchAction\",\"target\":{\"@type\":\"EntryPoint\",\"urlTemplate\":\"https:\/\/pasteleriapetra.es\/?s={search_term_string}\"},\"query-input\":{\"@type\":\"PropertyValueSpecification\",\"valueRequired\":true,\"valueName\":\"search_term_string\"}}],\"inLanguage\":\"es\"},{\"@type\":\"Organization\",\"@id\":\"https:\/\/pasteleriapetra.es\/#organization\",\"name\":\"Pasteler\u00eda Petra\",\"url\":\"https:\/\/pasteleriapetra.es\/\",\"logo\":{\"@type\":\"ImageObject\",\"inLanguage\":\"es\",\"@id\":\"https:\/\/pasteleriapetra.es\/#\/schema\/logo\/image\/\",\"url\":\"https:\/\/pasteleriapetra.es\/wp-content\/uploads\/2025\/11\/cropped-Petra_logo-1.png\",\"contentUrl\":\"https:\/\/pasteleriapetra.es\/wp-content\/uploads\/2025\/11\/cropped-Petra_logo-1.png\",\"width\":1999,\"height\":1335,\"caption\":\"Pasteler\u00eda Petra\"},\"image\":{\"@id\":\"https:\/\/pasteleriapetra.es\/#\/schema\/logo\/image\/\"}}]}<\/script>\n<!-- \/ Yoast SEO plugin. -->","yoast_head_json":{"title":"Dulce de pistacho y miel - Pasteler\u00eda Petra","robots":{"index":"index","follow":"follow","max-snippet":"max-snippet:-1","max-image-preview":"max-image-preview:large","max-video-preview":"max-video-preview:-1"},"canonical":"https:\/\/pasteleriapetra.es\/?product=dulce-de-pistacho-y-miel","og_locale":"es_ES","og_type":"article","og_title":"Dulce de pistacho y miel - Pasteler\u00eda Petra","og_description":"Deliciosos dedos elaborados con una base crujiente de pistacho, endulzados con miel, que ofrecen una combinaci\u00f3n equilibrada de textura y sabor. Un bocado suave y arom\u00e1tico, ideal como snack dulce, postre o para acompa\u00f1ar el caf\u00e9. Ingredientes:Pistacho, miel, az\u00facar, manteca de cacao, leche en polvo, suero de leche, emulgente (lecitina de soja), aroma natural de vainilla. Al\u00e9rgenos:Contiene pistacho (fruto de c\u00e1scara), leche y soja.Puede contener trazas de otros frutos de c\u00e1scara, gluten y s\u00e9samo.","og_url":"https:\/\/pasteleriapetra.es\/?product=dulce-de-pistacho-y-miel","og_site_name":"Pasteler\u00eda Petra","article_modified_time":"2026-01-14T17:09:43+00:00","og_image":[{"width":780,"height":567,"url":"https:\/\/pasteleriapetra.es\/wp-content\/uploads\/2025\/11\/Dulce-de-pistacho-y-miel-scaled-e1764158620668.jpg","type":"image\/jpeg"}],"twitter_card":"summary_large_image","twitter_misc":{"Tiempo de lectura":"1 minuto"},"schema":{"@context":"https:\/\/schema.org","@graph":[{"@type":"WebPage","@id":"https:\/\/pasteleriapetra.es\/?product=dulce-de-pistacho-y-miel","url":"https:\/\/pasteleriapetra.es\/?product=dulce-de-pistacho-y-miel","name":"Dulce de pistacho y miel - Pasteler\u00eda Petra","isPartOf":{"@id":"https:\/\/pasteleriapetra.es\/#website"},"primaryImageOfPage":{"@id":"https:\/\/pasteleriapetra.es\/?product=dulce-de-pistacho-y-miel#primaryimage"},"image":{"@id":"https:\/\/pasteleriapetra.es\/?product=dulce-de-pistacho-y-miel#primaryimage"},"thumbnailUrl":"https:\/\/pasteleriapetra.es\/wp-content\/uploads\/2025\/11\/Dulce-de-pistacho-y-miel-scaled-e1764158620668.jpg","datePublished":"2025-11-26T12:03:49+00:00","dateModified":"2026-01-14T17:09:43+00:00","breadcrumb":{"@id":"https:\/\/pasteleriapetra.es\/?product=dulce-de-pistacho-y-miel#breadcrumb"},"inLanguage":"es","potentialAction":[{"@type":"ReadAction","target":["https:\/\/pasteleriapetra.es\/?product=dulce-de-pistacho-y-miel"]}]},{"@type":"ImageObject","inLanguage":"es","@id":"https:\/\/pasteleriapetra.es\/?product=dulce-de-pistacho-y-miel#primaryimage","url":"https:\/\/pasteleriapetra.es\/wp-content\/uploads\/2025\/11\/Dulce-de-pistacho-y-miel-scaled-e1764158620668.jpg","contentUrl":"https:\/\/pasteleriapetra.es\/wp-content\/uploads\/2025\/11\/Dulce-de-pistacho-y-miel-scaled-e1764158620668.jpg","width":780,"height":567},{"@type":"BreadcrumbList","@id":"https:\/\/pasteleriapetra.es\/?product=dulce-de-pistacho-y-miel#breadcrumb","itemListElement":[{"@type":"ListItem","position":1,"name":"Portada","item":"https:\/\/pasteleriapetra.es\/"},{"@type":"ListItem","position":2,"name":"Shop","item":"https:\/\/pasteleriapetra.es\/?page_id=16"},{"@type":"ListItem","position":3,"name":"Dulce de pistacho y miel"}]},{"@type":"WebSite","@id":"https:\/\/pasteleriapetra.es\/#website","url":"https:\/\/pasteleriapetra.es\/","name":"Pasteler\u00eda Petra","description":"La mejor reposter\u00eda \u00e1rabe","publisher":{"@id":"https:\/\/pasteleriapetra.es\/#organization"},"potentialAction":[{"@type":"SearchAction","target":{"@type":"EntryPoint","urlTemplate":"https:\/\/pasteleriapetra.es\/?s={search_term_string}"},"query-input":{"@type":"PropertyValueSpecification","valueRequired":true,"valueName":"search_term_string"}}],"inLanguage":"es"},{"@type":"Organization","@id":"https:\/\/pasteleriapetra.es\/#organization","name":"Pasteler\u00eda Petra","url":"https:\/\/pasteleriapetra.es\/","logo":{"@type":"ImageObject","inLanguage":"es","@id":"https:\/\/pasteleriapetra.es\/#\/schema\/logo\/image\/","url":"https:\/\/pasteleriapetra.es\/wp-content\/uploads\/2025\/11\/cropped-Petra_logo-1.png","contentUrl":"https:\/\/pasteleriapetra.es\/wp-content\/uploads\/2025\/11\/cropped-Petra_logo-1.png","width":1999,"height":1335,"caption":"Pasteler\u00eda Petra"},"image":{"@id":"https:\/\/pasteleriapetra.es\/#\/schema\/logo\/image\/"}}]}},"_links":{"self":[{"href":"https:\/\/pasteleriapetra.es\/index.php?rest_route=\/wp\/v2\/product\/10478","targetHints":{"allow":["GET"]}}],"collection":[{"href":"https:\/\/pasteleriapetra.es\/index.php?rest_route=\/wp\/v2\/product"}],"about":[{"href":"https:\/\/pasteleriapetra.es\/index.php?rest_route=\/wp\/v2\/types\/product"}],"wp:featuredmedia":[{"embeddable":true,"href":"https:\/\/pasteleriapetra.es\/index.php?rest_route=\/wp\/v2\/media\/10479"}],"wp:attachment":[{"href":"https:\/\/pasteleriapetra.es\/index.php?rest_route=%2Fwp%2Fv2%2Fmedia&parent=10478"}],"wp:term":[{"taxonomy":"product_cat","embeddable":true,"href":"https:\/\/pasteleriapetra.es\/index.php?rest_route=%2Fwp%2Fv2%2Fproduct_cat&post=10478"},{"taxonomy":"product_tag","embeddable":true,"href":"https:\/\/pasteleriapetra.es\/index.php?rest_route=%2Fwp%2Fv2%2Fproduct_tag&post=10478"}],"curies":[{"name":"wp","href":"https:\/\/api.w.org\/{rel}","templated":true}]}}