{"id":10474,"date":"2025-11-26T12:01:18","date_gmt":"2025-11-26T12:01:18","guid":{"rendered":"https:\/\/pasteleriapetra.es\/?post_type=product&#038;p=10474"},"modified":"2026-02-02T19:37:31","modified_gmt":"2026-02-02T19:37:31","slug":"dedos-de-cacahuete-y-coco-con-mas-de-cacao","status":"publish","type":"product","link":"https:\/\/pasteleriapetra.es\/?product=dedos-de-cacahuete-y-coco-con-mas-de-cacao","title":{"rendered":"Dedos de cacahuete y coco, con mas de cacao"},"content":{"rendered":"<p data-start=\"178\" data-end=\"480\">Exquisitos <strong data-start=\"189\" data-end=\"218\">Dedos de Cacahuete y Coco<\/strong>, reinventados para los amantes del chocolate intenso. Crujientes <strong data-start=\"284\" data-end=\"307\">cacahuetes tostados<\/strong> y suave <strong data-start=\"316\" data-end=\"332\">coco rallado<\/strong> se combinan en un relleno irresistible, cubierto con <strong data-start=\"386\" data-end=\"433\">chocolate negro con alto contenido de cacao<\/strong>, que aporta un sabor profundo y sofisticado.<\/p>\n<p data-start=\"482\" data-end=\"762\">Cada bocado ofrece un equilibrio perfecto entre la <strong data-start=\"533\" data-end=\"553\">fuerza del cacao<\/strong>, la dulzura natural del coco y el toque tostado del cacahuete, creando una experiencia gourmet para paladares exigentes. Perfectos como <strong data-start=\"690\" data-end=\"759\">capricho indulgente, regalo gourmet o acompa\u00f1amiento de caf\u00e9 o t\u00e9<\/strong>.<\/p>\n<p data-start=\"764\" data-end=\"956\"><strong data-start=\"764\" data-end=\"792\">Ingredientes destacados:<\/strong> cacahuete, coco, chocolate negro (alto porcentaje de cacao), az\u00facar.<br data-start=\"861\" data-end=\"864\" \/><strong data-start=\"864\" data-end=\"878\">Al\u00e9rgenos:<\/strong> contiene cacahuete, frutos secos y puede contener trazas de gluten y leche.<\/p>\n","protected":false},"excerpt":{"rendered":"<p data-start=\"178\" data-end=\"480\">Exquisitos <strong data-start=\"189\" data-end=\"218\">Dedos de Cacahuete y Coco<\/strong>, reinventados para los amantes del chocolate intenso. Crujientes <strong data-start=\"284\" data-end=\"307\">cacahuetes tostados<\/strong> y suave <strong data-start=\"316\" data-end=\"332\">coco rallado<\/strong> se combinan en un relleno irresistible, cubierto con <strong data-start=\"386\" data-end=\"433\">chocolate negro con alto contenido de cacao<\/strong>, que aporta un sabor profundo y sofisticado.<\/p>\n<p data-start=\"482\" data-end=\"762\">Cada bocado ofrece un equilibrio perfecto entre la <strong data-start=\"533\" data-end=\"553\">fuerza del cacao<\/strong>, la dulzura natural del coco y el toque tostado del cacahuete, creando una experiencia gourmet para paladares exigentes. Perfectos como <strong data-start=\"690\" data-end=\"759\">capricho indulgente, regalo gourmet o acompa\u00f1amiento de caf\u00e9 o t\u00e9<\/strong>.<\/p>\n<p data-start=\"764\" data-end=\"956\"><strong data-start=\"764\" data-end=\"792\">Ingredientes destacados:<\/strong> cacahuete, coco, chocolate negro (alto porcentaje de cacao), az\u00facar.<br data-start=\"861\" data-end=\"864\" \/><strong data-start=\"864\" data-end=\"878\">Al\u00e9rgenos:<\/strong> contiene cacahuete, frutos secos y puede contener trazas de gluten y leche.<\/p>\n","protected":false},"featured_media":11025,"template":"","meta":[],"product_cat":[71],"product_tag":[],"class_list":{"0":"post-10474","1":"product","2":"type-product","3":"status-publish","4":"has-post-thumbnail","6":"product_cat-dedos","8":"first","9":"instock","10":"shipping-taxable","11":"product-type-simple"},"yoast_head":"<!-- This site is optimized with the Yoast SEO plugin v26.8 - https:\/\/yoast.com\/product\/yoast-seo-wordpress\/ -->\n<title>Dedos de cacahuete y coco, con mas de cacao - Pasteler\u00eda Petra<\/title>\n<meta name=\"robots\" content=\"index, follow, max-snippet:-1, max-image-preview:large, max-video-preview:-1\" \/>\n<link rel=\"canonical\" href=\"https:\/\/pasteleriapetra.es\/?product=dedos-de-cacahuete-y-coco-con-mas-de-cacao\" \/>\n<meta property=\"og:locale\" content=\"es_ES\" \/>\n<meta property=\"og:type\" content=\"article\" \/>\n<meta property=\"og:title\" content=\"Dedos de cacahuete y coco, con mas de cacao - Pasteler\u00eda Petra\" \/>\n<meta property=\"og:description\" content=\"Exquisitos Dedos de Cacahuete y Coco, reinventados para los amantes del chocolate intenso. Crujientes cacahuetes tostados y suave coco rallado se combinan en un relleno irresistible, cubierto con chocolate negro con alto contenido de cacao, que aporta un sabor profundo y sofisticado. Cada bocado ofrece un equilibrio perfecto entre la fuerza del cacao, la dulzura natural del coco y el toque tostado del cacahuete, creando una experiencia gourmet para paladares exigentes. Perfectos como capricho indulgente, regalo gourmet o acompa\u00f1amiento de caf\u00e9 o t\u00e9. Ingredientes destacados: cacahuete, coco, chocolate negro (alto porcentaje de cacao), az\u00facar.Al\u00e9rgenos: contiene cacahuete, frutos secos y puede contener trazas de gluten y leche.\" \/>\n<meta property=\"og:url\" content=\"https:\/\/pasteleriapetra.es\/?product=dedos-de-cacahuete-y-coco-con-mas-de-cacao\" \/>\n<meta property=\"og:site_name\" content=\"Pasteler\u00eda Petra\" \/>\n<meta property=\"article:modified_time\" content=\"2026-02-02T19:37:31+00:00\" \/>\n<meta property=\"og:image\" content=\"https:\/\/pasteleriapetra.es\/wp-content\/uploads\/2025\/11\/20251120_112321-scaled.jpg\" \/>\n\t<meta property=\"og:image:width\" content=\"2560\" \/>\n\t<meta property=\"og:image:height\" content=\"1196\" \/>\n\t<meta property=\"og:image:type\" content=\"image\/jpeg\" \/>\n<meta name=\"twitter:card\" content=\"summary_large_image\" \/>\n<meta name=\"twitter:label1\" content=\"Tiempo de lectura\" \/>\n\t<meta name=\"twitter:data1\" content=\"1 minuto\" \/>\n<script type=\"application\/ld+json\" class=\"yoast-schema-graph\">{\"@context\":\"https:\/\/schema.org\",\"@graph\":[{\"@type\":\"WebPage\",\"@id\":\"https:\/\/pasteleriapetra.es\/?product=dedos-de-cacahuete-y-coco-con-mas-de-cacao\",\"url\":\"https:\/\/pasteleriapetra.es\/?product=dedos-de-cacahuete-y-coco-con-mas-de-cacao\",\"name\":\"Dedos de cacahuete y coco, con mas de cacao - Pasteler\u00eda Petra\",\"isPartOf\":{\"@id\":\"https:\/\/pasteleriapetra.es\/#website\"},\"primaryImageOfPage\":{\"@id\":\"https:\/\/pasteleriapetra.es\/?product=dedos-de-cacahuete-y-coco-con-mas-de-cacao#primaryimage\"},\"image\":{\"@id\":\"https:\/\/pasteleriapetra.es\/?product=dedos-de-cacahuete-y-coco-con-mas-de-cacao#primaryimage\"},\"thumbnailUrl\":\"https:\/\/pasteleriapetra.es\/wp-content\/uploads\/2025\/11\/20251120_112321-scaled.jpg\",\"datePublished\":\"2025-11-26T12:01:18+00:00\",\"dateModified\":\"2026-02-02T19:37:31+00:00\",\"breadcrumb\":{\"@id\":\"https:\/\/pasteleriapetra.es\/?product=dedos-de-cacahuete-y-coco-con-mas-de-cacao#breadcrumb\"},\"inLanguage\":\"es\",\"potentialAction\":[{\"@type\":\"ReadAction\",\"target\":[\"https:\/\/pasteleriapetra.es\/?product=dedos-de-cacahuete-y-coco-con-mas-de-cacao\"]}]},{\"@type\":\"ImageObject\",\"inLanguage\":\"es\",\"@id\":\"https:\/\/pasteleriapetra.es\/?product=dedos-de-cacahuete-y-coco-con-mas-de-cacao#primaryimage\",\"url\":\"https:\/\/pasteleriapetra.es\/wp-content\/uploads\/2025\/11\/20251120_112321-scaled.jpg\",\"contentUrl\":\"https:\/\/pasteleriapetra.es\/wp-content\/uploads\/2025\/11\/20251120_112321-scaled.jpg\",\"width\":2560,\"height\":1196},{\"@type\":\"BreadcrumbList\",\"@id\":\"https:\/\/pasteleriapetra.es\/?product=dedos-de-cacahuete-y-coco-con-mas-de-cacao#breadcrumb\",\"itemListElement\":[{\"@type\":\"ListItem\",\"position\":1,\"name\":\"Portada\",\"item\":\"https:\/\/pasteleriapetra.es\/\"},{\"@type\":\"ListItem\",\"position\":2,\"name\":\"Shop\",\"item\":\"https:\/\/pasteleriapetra.es\/?page_id=16\"},{\"@type\":\"ListItem\",\"position\":3,\"name\":\"Dedos de cacahuete y coco, con mas de cacao\"}]},{\"@type\":\"WebSite\",\"@id\":\"https:\/\/pasteleriapetra.es\/#website\",\"url\":\"https:\/\/pasteleriapetra.es\/\",\"name\":\"Pasteler\u00eda Petra\",\"description\":\"La mejor reposter\u00eda \u00e1rabe\",\"publisher\":{\"@id\":\"https:\/\/pasteleriapetra.es\/#organization\"},\"potentialAction\":[{\"@type\":\"SearchAction\",\"target\":{\"@type\":\"EntryPoint\",\"urlTemplate\":\"https:\/\/pasteleriapetra.es\/?s={search_term_string}\"},\"query-input\":{\"@type\":\"PropertyValueSpecification\",\"valueRequired\":true,\"valueName\":\"search_term_string\"}}],\"inLanguage\":\"es\"},{\"@type\":\"Organization\",\"@id\":\"https:\/\/pasteleriapetra.es\/#organization\",\"name\":\"Pasteler\u00eda Petra\",\"url\":\"https:\/\/pasteleriapetra.es\/\",\"logo\":{\"@type\":\"ImageObject\",\"inLanguage\":\"es\",\"@id\":\"https:\/\/pasteleriapetra.es\/#\/schema\/logo\/image\/\",\"url\":\"https:\/\/pasteleriapetra.es\/wp-content\/uploads\/2025\/11\/cropped-Petra_logo-1.png\",\"contentUrl\":\"https:\/\/pasteleriapetra.es\/wp-content\/uploads\/2025\/11\/cropped-Petra_logo-1.png\",\"width\":1999,\"height\":1335,\"caption\":\"Pasteler\u00eda Petra\"},\"image\":{\"@id\":\"https:\/\/pasteleriapetra.es\/#\/schema\/logo\/image\/\"}}]}<\/script>\n<!-- \/ Yoast SEO plugin. -->","yoast_head_json":{"title":"Dedos de cacahuete y coco, con mas de cacao - Pasteler\u00eda Petra","robots":{"index":"index","follow":"follow","max-snippet":"max-snippet:-1","max-image-preview":"max-image-preview:large","max-video-preview":"max-video-preview:-1"},"canonical":"https:\/\/pasteleriapetra.es\/?product=dedos-de-cacahuete-y-coco-con-mas-de-cacao","og_locale":"es_ES","og_type":"article","og_title":"Dedos de cacahuete y coco, con mas de cacao - Pasteler\u00eda Petra","og_description":"Exquisitos Dedos de Cacahuete y Coco, reinventados para los amantes del chocolate intenso. Crujientes cacahuetes tostados y suave coco rallado se combinan en un relleno irresistible, cubierto con chocolate negro con alto contenido de cacao, que aporta un sabor profundo y sofisticado. Cada bocado ofrece un equilibrio perfecto entre la fuerza del cacao, la dulzura natural del coco y el toque tostado del cacahuete, creando una experiencia gourmet para paladares exigentes. Perfectos como capricho indulgente, regalo gourmet o acompa\u00f1amiento de caf\u00e9 o t\u00e9. Ingredientes destacados: cacahuete, coco, chocolate negro (alto porcentaje de cacao), az\u00facar.Al\u00e9rgenos: contiene cacahuete, frutos secos y puede contener trazas de gluten y leche.","og_url":"https:\/\/pasteleriapetra.es\/?product=dedos-de-cacahuete-y-coco-con-mas-de-cacao","og_site_name":"Pasteler\u00eda Petra","article_modified_time":"2026-02-02T19:37:31+00:00","og_image":[{"width":2560,"height":1196,"url":"https:\/\/pasteleriapetra.es\/wp-content\/uploads\/2025\/11\/20251120_112321-scaled.jpg","type":"image\/jpeg"}],"twitter_card":"summary_large_image","twitter_misc":{"Tiempo de lectura":"1 minuto"},"schema":{"@context":"https:\/\/schema.org","@graph":[{"@type":"WebPage","@id":"https:\/\/pasteleriapetra.es\/?product=dedos-de-cacahuete-y-coco-con-mas-de-cacao","url":"https:\/\/pasteleriapetra.es\/?product=dedos-de-cacahuete-y-coco-con-mas-de-cacao","name":"Dedos de cacahuete y coco, con mas de cacao - Pasteler\u00eda Petra","isPartOf":{"@id":"https:\/\/pasteleriapetra.es\/#website"},"primaryImageOfPage":{"@id":"https:\/\/pasteleriapetra.es\/?product=dedos-de-cacahuete-y-coco-con-mas-de-cacao#primaryimage"},"image":{"@id":"https:\/\/pasteleriapetra.es\/?product=dedos-de-cacahuete-y-coco-con-mas-de-cacao#primaryimage"},"thumbnailUrl":"https:\/\/pasteleriapetra.es\/wp-content\/uploads\/2025\/11\/20251120_112321-scaled.jpg","datePublished":"2025-11-26T12:01:18+00:00","dateModified":"2026-02-02T19:37:31+00:00","breadcrumb":{"@id":"https:\/\/pasteleriapetra.es\/?product=dedos-de-cacahuete-y-coco-con-mas-de-cacao#breadcrumb"},"inLanguage":"es","potentialAction":[{"@type":"ReadAction","target":["https:\/\/pasteleriapetra.es\/?product=dedos-de-cacahuete-y-coco-con-mas-de-cacao"]}]},{"@type":"ImageObject","inLanguage":"es","@id":"https:\/\/pasteleriapetra.es\/?product=dedos-de-cacahuete-y-coco-con-mas-de-cacao#primaryimage","url":"https:\/\/pasteleriapetra.es\/wp-content\/uploads\/2025\/11\/20251120_112321-scaled.jpg","contentUrl":"https:\/\/pasteleriapetra.es\/wp-content\/uploads\/2025\/11\/20251120_112321-scaled.jpg","width":2560,"height":1196},{"@type":"BreadcrumbList","@id":"https:\/\/pasteleriapetra.es\/?product=dedos-de-cacahuete-y-coco-con-mas-de-cacao#breadcrumb","itemListElement":[{"@type":"ListItem","position":1,"name":"Portada","item":"https:\/\/pasteleriapetra.es\/"},{"@type":"ListItem","position":2,"name":"Shop","item":"https:\/\/pasteleriapetra.es\/?page_id=16"},{"@type":"ListItem","position":3,"name":"Dedos de cacahuete y coco, con mas de cacao"}]},{"@type":"WebSite","@id":"https:\/\/pasteleriapetra.es\/#website","url":"https:\/\/pasteleriapetra.es\/","name":"Pasteler\u00eda Petra","description":"La mejor reposter\u00eda \u00e1rabe","publisher":{"@id":"https:\/\/pasteleriapetra.es\/#organization"},"potentialAction":[{"@type":"SearchAction","target":{"@type":"EntryPoint","urlTemplate":"https:\/\/pasteleriapetra.es\/?s={search_term_string}"},"query-input":{"@type":"PropertyValueSpecification","valueRequired":true,"valueName":"search_term_string"}}],"inLanguage":"es"},{"@type":"Organization","@id":"https:\/\/pasteleriapetra.es\/#organization","name":"Pasteler\u00eda Petra","url":"https:\/\/pasteleriapetra.es\/","logo":{"@type":"ImageObject","inLanguage":"es","@id":"https:\/\/pasteleriapetra.es\/#\/schema\/logo\/image\/","url":"https:\/\/pasteleriapetra.es\/wp-content\/uploads\/2025\/11\/cropped-Petra_logo-1.png","contentUrl":"https:\/\/pasteleriapetra.es\/wp-content\/uploads\/2025\/11\/cropped-Petra_logo-1.png","width":1999,"height":1335,"caption":"Pasteler\u00eda Petra"},"image":{"@id":"https:\/\/pasteleriapetra.es\/#\/schema\/logo\/image\/"}}]}},"_links":{"self":[{"href":"https:\/\/pasteleriapetra.es\/index.php?rest_route=\/wp\/v2\/product\/10474","targetHints":{"allow":["GET"]}}],"collection":[{"href":"https:\/\/pasteleriapetra.es\/index.php?rest_route=\/wp\/v2\/product"}],"about":[{"href":"https:\/\/pasteleriapetra.es\/index.php?rest_route=\/wp\/v2\/types\/product"}],"wp:featuredmedia":[{"embeddable":true,"href":"https:\/\/pasteleriapetra.es\/index.php?rest_route=\/wp\/v2\/media\/11025"}],"wp:attachment":[{"href":"https:\/\/pasteleriapetra.es\/index.php?rest_route=%2Fwp%2Fv2%2Fmedia&parent=10474"}],"wp:term":[{"taxonomy":"product_cat","embeddable":true,"href":"https:\/\/pasteleriapetra.es\/index.php?rest_route=%2Fwp%2Fv2%2Fproduct_cat&post=10474"},{"taxonomy":"product_tag","embeddable":true,"href":"https:\/\/pasteleriapetra.es\/index.php?rest_route=%2Fwp%2Fv2%2Fproduct_tag&post=10474"}],"curies":[{"name":"wp","href":"https:\/\/api.w.org\/{rel}","templated":true}]}}