{"id":10463,"date":"2025-11-26T11:51:54","date_gmt":"2025-11-26T11:51:54","guid":{"rendered":"https:\/\/pasteleriapetra.es\/?post_type=product&#038;p=10463"},"modified":"2026-01-14T11:20:31","modified_gmt":"2026-01-14T11:20:31","slug":"briwat-de-cacahuete","status":"publish","type":"product","link":"https:\/\/pasteleriapetra.es\/?product=briwat-de-cacahuete","title":{"rendered":"Briwat de cacahuete"},"content":{"rendered":"<p data-start=\"178\" data-end=\"363\">Tradicional <strong data-start=\"190\" data-end=\"210\">briwat artesanal<\/strong>, elaborado con finas l\u00e1minas de masa crujiente rellenas de una deliciosa pasta de <strong data-start=\"293\" data-end=\"314\">cacahuete tostado<\/strong>, suavemente aromatizada y equilibrada en dulzor.<\/p>\n<p data-start=\"365\" data-end=\"635\">Tras su cocci\u00f3n, se ba\u00f1a ligeramente en <strong data-start=\"405\" data-end=\"425\">alm\u00edbar delicado<\/strong>, logrando una combinaci\u00f3n perfecta entre textura crujiente y un interior tierno y sabroso. Su sabor intenso y natural a cacahuete lo convierte en un dulce muy apreciado dentro de la reposter\u00eda \u00e1rabe y magreb\u00ed.<\/p>\n<p data-start=\"637\" data-end=\"736\">Ideal para acompa\u00f1ar <strong data-start=\"658\" data-end=\"678\">t\u00e9 moruno o caf\u00e9<\/strong>, perfecto para compartir o disfrutar como capricho dulce.<\/p>\n<p data-start=\"738\" data-end=\"852\"><strong data-start=\"738\" data-end=\"766\">Ingredientes destacados:<\/strong> masa, cacahuete, az\u00facar.<br data-start=\"791\" data-end=\"794\" \/><strong data-start=\"794\" data-end=\"808\">Al\u00e9rgenos:<\/strong> contiene gluten y cacahuete (frutos secos).<\/p>\n","protected":false},"excerpt":{"rendered":"<p data-start=\"178\" data-end=\"363\">Tradicional <strong data-start=\"190\" data-end=\"210\">briwat artesanal<\/strong>, elaborado con finas l\u00e1minas de masa crujiente rellenas de una deliciosa pasta de <strong data-start=\"293\" data-end=\"314\">cacahuete tostado<\/strong>, suavemente aromatizada y equilibrada en dulzor.<\/p>\n<p data-start=\"365\" data-end=\"635\">Tras su cocci\u00f3n, se ba\u00f1a ligeramente en <strong data-start=\"405\" data-end=\"425\">alm\u00edbar delicado<\/strong>, logrando una combinaci\u00f3n perfecta entre textura crujiente y un interior tierno y sabroso. Su sabor intenso y natural a cacahuete lo convierte en un dulce muy apreciado dentro de la reposter\u00eda \u00e1rabe y magreb\u00ed.<\/p>\n<p data-start=\"637\" data-end=\"736\">Ideal para acompa\u00f1ar <strong data-start=\"658\" data-end=\"678\">t\u00e9 moruno o caf\u00e9<\/strong>, perfecto para compartir o disfrutar como capricho dulce.<\/p>\n<p data-start=\"738\" data-end=\"852\"><strong data-start=\"738\" data-end=\"766\">Ingredientes destacados:<\/strong> masa, cacahuete, az\u00facar.<br data-start=\"791\" data-end=\"794\" \/><strong data-start=\"794\" data-end=\"808\">Al\u00e9rgenos:<\/strong> contiene gluten y cacahuete (frutos secos).<\/p>\n","protected":false},"featured_media":10464,"template":"","meta":[],"product_cat":[15],"product_tag":[],"class_list":{"0":"post-10463","1":"product","2":"type-product","3":"status-publish","4":"has-post-thumbnail","6":"product_cat-uncategorized","8":"first","9":"instock","10":"shipping-taxable","11":"product-type-simple"},"yoast_head":"<!-- This site is optimized with the Yoast SEO plugin v26.8 - https:\/\/yoast.com\/product\/yoast-seo-wordpress\/ -->\n<title>Briwat de cacahuete - Pasteler\u00eda Petra<\/title>\n<meta name=\"robots\" content=\"index, follow, max-snippet:-1, max-image-preview:large, max-video-preview:-1\" \/>\n<link rel=\"canonical\" href=\"https:\/\/pasteleriapetra.es\/?product=briwat-de-cacahuete\" \/>\n<meta property=\"og:locale\" content=\"es_ES\" \/>\n<meta property=\"og:type\" content=\"article\" \/>\n<meta property=\"og:title\" content=\"Briwat de cacahuete - Pasteler\u00eda Petra\" \/>\n<meta property=\"og:description\" content=\"Tradicional briwat artesanal, elaborado con finas l\u00e1minas de masa crujiente rellenas de una deliciosa pasta de cacahuete tostado, suavemente aromatizada y equilibrada en dulzor. Tras su cocci\u00f3n, se ba\u00f1a ligeramente en alm\u00edbar delicado, logrando una combinaci\u00f3n perfecta entre textura crujiente y un interior tierno y sabroso. Su sabor intenso y natural a cacahuete lo convierte en un dulce muy apreciado dentro de la reposter\u00eda \u00e1rabe y magreb\u00ed. Ideal para acompa\u00f1ar t\u00e9 moruno o caf\u00e9, perfecto para compartir o disfrutar como capricho dulce. Ingredientes destacados: masa, cacahuete, az\u00facar.Al\u00e9rgenos: contiene gluten y cacahuete (frutos secos).\" \/>\n<meta property=\"og:url\" content=\"https:\/\/pasteleriapetra.es\/?product=briwat-de-cacahuete\" \/>\n<meta property=\"og:site_name\" content=\"Pasteler\u00eda Petra\" \/>\n<meta property=\"article:modified_time\" content=\"2026-01-14T11:20:31+00:00\" \/>\n<meta property=\"og:image\" content=\"https:\/\/pasteleriapetra.es\/wp-content\/uploads\/2025\/11\/Briwat-de-cacahuete-scaled-e1764157909363.jpg\" \/>\n\t<meta property=\"og:image:width\" content=\"1067\" \/>\n\t<meta property=\"og:image:height\" content=\"555\" \/>\n\t<meta property=\"og:image:type\" content=\"image\/jpeg\" \/>\n<meta name=\"twitter:card\" content=\"summary_large_image\" \/>\n<meta name=\"twitter:label1\" content=\"Tiempo de lectura\" \/>\n\t<meta name=\"twitter:data1\" content=\"1 minuto\" \/>\n<script type=\"application\/ld+json\" class=\"yoast-schema-graph\">{\"@context\":\"https:\/\/schema.org\",\"@graph\":[{\"@type\":\"WebPage\",\"@id\":\"https:\/\/pasteleriapetra.es\/?product=briwat-de-cacahuete\",\"url\":\"https:\/\/pasteleriapetra.es\/?product=briwat-de-cacahuete\",\"name\":\"Briwat de cacahuete - Pasteler\u00eda Petra\",\"isPartOf\":{\"@id\":\"https:\/\/pasteleriapetra.es\/#website\"},\"primaryImageOfPage\":{\"@id\":\"https:\/\/pasteleriapetra.es\/?product=briwat-de-cacahuete#primaryimage\"},\"image\":{\"@id\":\"https:\/\/pasteleriapetra.es\/?product=briwat-de-cacahuete#primaryimage\"},\"thumbnailUrl\":\"https:\/\/pasteleriapetra.es\/wp-content\/uploads\/2025\/11\/Briwat-de-cacahuete-scaled-e1764157909363.jpg\",\"datePublished\":\"2025-11-26T11:51:54+00:00\",\"dateModified\":\"2026-01-14T11:20:31+00:00\",\"breadcrumb\":{\"@id\":\"https:\/\/pasteleriapetra.es\/?product=briwat-de-cacahuete#breadcrumb\"},\"inLanguage\":\"es\",\"potentialAction\":[{\"@type\":\"ReadAction\",\"target\":[\"https:\/\/pasteleriapetra.es\/?product=briwat-de-cacahuete\"]}]},{\"@type\":\"ImageObject\",\"inLanguage\":\"es\",\"@id\":\"https:\/\/pasteleriapetra.es\/?product=briwat-de-cacahuete#primaryimage\",\"url\":\"https:\/\/pasteleriapetra.es\/wp-content\/uploads\/2025\/11\/Briwat-de-cacahuete-scaled-e1764157909363.jpg\",\"contentUrl\":\"https:\/\/pasteleriapetra.es\/wp-content\/uploads\/2025\/11\/Briwat-de-cacahuete-scaled-e1764157909363.jpg\",\"width\":1067,\"height\":555},{\"@type\":\"BreadcrumbList\",\"@id\":\"https:\/\/pasteleriapetra.es\/?product=briwat-de-cacahuete#breadcrumb\",\"itemListElement\":[{\"@type\":\"ListItem\",\"position\":1,\"name\":\"Portada\",\"item\":\"https:\/\/pasteleriapetra.es\/\"},{\"@type\":\"ListItem\",\"position\":2,\"name\":\"Shop\",\"item\":\"https:\/\/pasteleriapetra.es\/?page_id=16\"},{\"@type\":\"ListItem\",\"position\":3,\"name\":\"Briwat de cacahuete\"}]},{\"@type\":\"WebSite\",\"@id\":\"https:\/\/pasteleriapetra.es\/#website\",\"url\":\"https:\/\/pasteleriapetra.es\/\",\"name\":\"Pasteler\u00eda Petra\",\"description\":\"La mejor reposter\u00eda \u00e1rabe\",\"publisher\":{\"@id\":\"https:\/\/pasteleriapetra.es\/#organization\"},\"potentialAction\":[{\"@type\":\"SearchAction\",\"target\":{\"@type\":\"EntryPoint\",\"urlTemplate\":\"https:\/\/pasteleriapetra.es\/?s={search_term_string}\"},\"query-input\":{\"@type\":\"PropertyValueSpecification\",\"valueRequired\":true,\"valueName\":\"search_term_string\"}}],\"inLanguage\":\"es\"},{\"@type\":\"Organization\",\"@id\":\"https:\/\/pasteleriapetra.es\/#organization\",\"name\":\"Pasteler\u00eda Petra\",\"url\":\"https:\/\/pasteleriapetra.es\/\",\"logo\":{\"@type\":\"ImageObject\",\"inLanguage\":\"es\",\"@id\":\"https:\/\/pasteleriapetra.es\/#\/schema\/logo\/image\/\",\"url\":\"https:\/\/pasteleriapetra.es\/wp-content\/uploads\/2025\/11\/cropped-Petra_logo-1.png\",\"contentUrl\":\"https:\/\/pasteleriapetra.es\/wp-content\/uploads\/2025\/11\/cropped-Petra_logo-1.png\",\"width\":1999,\"height\":1335,\"caption\":\"Pasteler\u00eda Petra\"},\"image\":{\"@id\":\"https:\/\/pasteleriapetra.es\/#\/schema\/logo\/image\/\"}}]}<\/script>\n<!-- \/ Yoast SEO plugin. -->","yoast_head_json":{"title":"Briwat de cacahuete - Pasteler\u00eda Petra","robots":{"index":"index","follow":"follow","max-snippet":"max-snippet:-1","max-image-preview":"max-image-preview:large","max-video-preview":"max-video-preview:-1"},"canonical":"https:\/\/pasteleriapetra.es\/?product=briwat-de-cacahuete","og_locale":"es_ES","og_type":"article","og_title":"Briwat de cacahuete - Pasteler\u00eda Petra","og_description":"Tradicional briwat artesanal, elaborado con finas l\u00e1minas de masa crujiente rellenas de una deliciosa pasta de cacahuete tostado, suavemente aromatizada y equilibrada en dulzor. Tras su cocci\u00f3n, se ba\u00f1a ligeramente en alm\u00edbar delicado, logrando una combinaci\u00f3n perfecta entre textura crujiente y un interior tierno y sabroso. Su sabor intenso y natural a cacahuete lo convierte en un dulce muy apreciado dentro de la reposter\u00eda \u00e1rabe y magreb\u00ed. Ideal para acompa\u00f1ar t\u00e9 moruno o caf\u00e9, perfecto para compartir o disfrutar como capricho dulce. Ingredientes destacados: masa, cacahuete, az\u00facar.Al\u00e9rgenos: contiene gluten y cacahuete (frutos secos).","og_url":"https:\/\/pasteleriapetra.es\/?product=briwat-de-cacahuete","og_site_name":"Pasteler\u00eda Petra","article_modified_time":"2026-01-14T11:20:31+00:00","og_image":[{"width":1067,"height":555,"url":"https:\/\/pasteleriapetra.es\/wp-content\/uploads\/2025\/11\/Briwat-de-cacahuete-scaled-e1764157909363.jpg","type":"image\/jpeg"}],"twitter_card":"summary_large_image","twitter_misc":{"Tiempo de lectura":"1 minuto"},"schema":{"@context":"https:\/\/schema.org","@graph":[{"@type":"WebPage","@id":"https:\/\/pasteleriapetra.es\/?product=briwat-de-cacahuete","url":"https:\/\/pasteleriapetra.es\/?product=briwat-de-cacahuete","name":"Briwat de cacahuete - Pasteler\u00eda Petra","isPartOf":{"@id":"https:\/\/pasteleriapetra.es\/#website"},"primaryImageOfPage":{"@id":"https:\/\/pasteleriapetra.es\/?product=briwat-de-cacahuete#primaryimage"},"image":{"@id":"https:\/\/pasteleriapetra.es\/?product=briwat-de-cacahuete#primaryimage"},"thumbnailUrl":"https:\/\/pasteleriapetra.es\/wp-content\/uploads\/2025\/11\/Briwat-de-cacahuete-scaled-e1764157909363.jpg","datePublished":"2025-11-26T11:51:54+00:00","dateModified":"2026-01-14T11:20:31+00:00","breadcrumb":{"@id":"https:\/\/pasteleriapetra.es\/?product=briwat-de-cacahuete#breadcrumb"},"inLanguage":"es","potentialAction":[{"@type":"ReadAction","target":["https:\/\/pasteleriapetra.es\/?product=briwat-de-cacahuete"]}]},{"@type":"ImageObject","inLanguage":"es","@id":"https:\/\/pasteleriapetra.es\/?product=briwat-de-cacahuete#primaryimage","url":"https:\/\/pasteleriapetra.es\/wp-content\/uploads\/2025\/11\/Briwat-de-cacahuete-scaled-e1764157909363.jpg","contentUrl":"https:\/\/pasteleriapetra.es\/wp-content\/uploads\/2025\/11\/Briwat-de-cacahuete-scaled-e1764157909363.jpg","width":1067,"height":555},{"@type":"BreadcrumbList","@id":"https:\/\/pasteleriapetra.es\/?product=briwat-de-cacahuete#breadcrumb","itemListElement":[{"@type":"ListItem","position":1,"name":"Portada","item":"https:\/\/pasteleriapetra.es\/"},{"@type":"ListItem","position":2,"name":"Shop","item":"https:\/\/pasteleriapetra.es\/?page_id=16"},{"@type":"ListItem","position":3,"name":"Briwat de cacahuete"}]},{"@type":"WebSite","@id":"https:\/\/pasteleriapetra.es\/#website","url":"https:\/\/pasteleriapetra.es\/","name":"Pasteler\u00eda Petra","description":"La mejor reposter\u00eda \u00e1rabe","publisher":{"@id":"https:\/\/pasteleriapetra.es\/#organization"},"potentialAction":[{"@type":"SearchAction","target":{"@type":"EntryPoint","urlTemplate":"https:\/\/pasteleriapetra.es\/?s={search_term_string}"},"query-input":{"@type":"PropertyValueSpecification","valueRequired":true,"valueName":"search_term_string"}}],"inLanguage":"es"},{"@type":"Organization","@id":"https:\/\/pasteleriapetra.es\/#organization","name":"Pasteler\u00eda Petra","url":"https:\/\/pasteleriapetra.es\/","logo":{"@type":"ImageObject","inLanguage":"es","@id":"https:\/\/pasteleriapetra.es\/#\/schema\/logo\/image\/","url":"https:\/\/pasteleriapetra.es\/wp-content\/uploads\/2025\/11\/cropped-Petra_logo-1.png","contentUrl":"https:\/\/pasteleriapetra.es\/wp-content\/uploads\/2025\/11\/cropped-Petra_logo-1.png","width":1999,"height":1335,"caption":"Pasteler\u00eda Petra"},"image":{"@id":"https:\/\/pasteleriapetra.es\/#\/schema\/logo\/image\/"}}]}},"_links":{"self":[{"href":"https:\/\/pasteleriapetra.es\/index.php?rest_route=\/wp\/v2\/product\/10463","targetHints":{"allow":["GET"]}}],"collection":[{"href":"https:\/\/pasteleriapetra.es\/index.php?rest_route=\/wp\/v2\/product"}],"about":[{"href":"https:\/\/pasteleriapetra.es\/index.php?rest_route=\/wp\/v2\/types\/product"}],"wp:featuredmedia":[{"embeddable":true,"href":"https:\/\/pasteleriapetra.es\/index.php?rest_route=\/wp\/v2\/media\/10464"}],"wp:attachment":[{"href":"https:\/\/pasteleriapetra.es\/index.php?rest_route=%2Fwp%2Fv2%2Fmedia&parent=10463"}],"wp:term":[{"taxonomy":"product_cat","embeddable":true,"href":"https:\/\/pasteleriapetra.es\/index.php?rest_route=%2Fwp%2Fv2%2Fproduct_cat&post=10463"},{"taxonomy":"product_tag","embeddable":true,"href":"https:\/\/pasteleriapetra.es\/index.php?rest_route=%2Fwp%2Fv2%2Fproduct_tag&post=10463"}],"curies":[{"name":"wp","href":"https:\/\/api.w.org\/{rel}","templated":true}]}}