{"id":10453,"date":"2025-11-26T11:43:38","date_gmt":"2025-11-26T11:43:38","guid":{"rendered":"https:\/\/pasteleriapetra.es\/?post_type=product&#038;p=10453"},"modified":"2026-01-26T10:54:32","modified_gmt":"2026-01-26T10:54:32","slug":"baklawa-de-nueces-y-canela","status":"publish","type":"product","link":"https:\/\/pasteleriapetra.es\/?product=baklawa-de-nueces-y-canela","title":{"rendered":"Baklawa de nueces y canela"},"content":{"rendered":"<p data-start=\"154\" data-end=\"440\">Delicada <strong data-start=\"163\" data-end=\"228\">baklawa artesanal elaborada seg\u00fan la receta tradicional \u00e1rabe<\/strong>, compuesta por finas capas de masa filo horneadas hasta lograr un crujiente perfecto. En su interior, un relleno generoso de <strong data-start=\"354\" data-end=\"397\">nueces seleccionadas y canela arom\u00e1tica<\/strong>, que aporta un sabor c\u00e1lido y equilibrado.<\/p>\n<p data-start=\"442\" data-end=\"709\">Ba\u00f1ada ligeramente con <strong data-start=\"465\" data-end=\"486\">alm\u00edbar perfumado<\/strong>, esta baklawa destaca por su textura crujiente por fuera y jugosa por dentro, ofreciendo un equilibrio ideal entre dulzor y especias. Un postre cl\u00e1sico que evoca la tradici\u00f3n y el sabor aut\u00e9ntico de la reposter\u00eda oriental.<\/p>\n<p data-start=\"711\" data-end=\"813\"><strong data-start=\"711\" data-end=\"749\">Ideal para acompa\u00f1ar con t\u00e9 o caf\u00e9<\/strong>, perfecta para celebraciones o para darse un capricho especial.<\/p>\n<p data-start=\"815\" data-end=\"927\"><strong data-start=\"815\" data-end=\"843\">Ingredientes destacados:<\/strong> masa filo, nueces, canela, az\u00facar.<br data-start=\"878\" data-end=\"881\" \/><strong data-start=\"881\" data-end=\"895\">Al\u00e9rgenos:<\/strong> contiene gluten y frutos secos.<\/p>\n","protected":false},"excerpt":{"rendered":"<p data-start=\"154\" data-end=\"440\">Delicada <strong data-start=\"163\" data-end=\"228\">baklawa artesanal elaborada seg\u00fan la receta tradicional \u00e1rabe<\/strong>, compuesta por finas capas de masa filo horneadas hasta lograr un crujiente perfecto. En su interior, un relleno generoso de <strong data-start=\"354\" data-end=\"397\">nueces seleccionadas y canela arom\u00e1tica<\/strong>, que aporta un sabor c\u00e1lido y equilibrado.<\/p>\n<p data-start=\"442\" data-end=\"709\">Ba\u00f1ada ligeramente con <strong data-start=\"465\" data-end=\"486\">alm\u00edbar perfumado<\/strong>, esta baklawa destaca por su textura crujiente por fuera y jugosa por dentro, ofreciendo un equilibrio ideal entre dulzor y especias. Un postre cl\u00e1sico que evoca la tradici\u00f3n y el sabor aut\u00e9ntico de la reposter\u00eda oriental.<\/p>\n<p data-start=\"711\" data-end=\"813\"><strong data-start=\"711\" data-end=\"749\">Ideal para acompa\u00f1ar con t\u00e9 o caf\u00e9<\/strong>, perfecta para celebraciones o para darse un capricho especial.<\/p>\n<p data-start=\"815\" data-end=\"927\"><strong data-start=\"815\" data-end=\"843\">Ingredientes destacados:<\/strong> masa filo, nueces, canela, az\u00facar.<br data-start=\"878\" data-end=\"881\" \/><strong data-start=\"881\" data-end=\"895\">Al\u00e9rgenos:<\/strong> contiene gluten y frutos secos.<\/p>\n","protected":false},"featured_media":10995,"template":"","meta":[],"product_cat":[70],"product_tag":[],"class_list":{"0":"post-10453","1":"product","2":"type-product","3":"status-publish","4":"has-post-thumbnail","6":"product_cat-baklawa","8":"first","9":"instock","10":"shipping-taxable","11":"product-type-simple"},"yoast_head":"<!-- This site is optimized with the Yoast SEO plugin v26.8 - https:\/\/yoast.com\/product\/yoast-seo-wordpress\/ -->\n<title>Baklawa de nueces y canela - Pasteler\u00eda Petra<\/title>\n<meta name=\"robots\" content=\"index, follow, max-snippet:-1, max-image-preview:large, max-video-preview:-1\" \/>\n<link rel=\"canonical\" href=\"https:\/\/pasteleriapetra.es\/?product=baklawa-de-nueces-y-canela\" \/>\n<meta property=\"og:locale\" content=\"es_ES\" \/>\n<meta property=\"og:type\" content=\"article\" \/>\n<meta property=\"og:title\" content=\"Baklawa de nueces y canela - Pasteler\u00eda Petra\" \/>\n<meta property=\"og:description\" content=\"Delicada baklawa artesanal elaborada seg\u00fan la receta tradicional \u00e1rabe, compuesta por finas capas de masa filo horneadas hasta lograr un crujiente perfecto. En su interior, un relleno generoso de nueces seleccionadas y canela arom\u00e1tica, que aporta un sabor c\u00e1lido y equilibrado. Ba\u00f1ada ligeramente con alm\u00edbar perfumado, esta baklawa destaca por su textura crujiente por fuera y jugosa por dentro, ofreciendo un equilibrio ideal entre dulzor y especias. Un postre cl\u00e1sico que evoca la tradici\u00f3n y el sabor aut\u00e9ntico de la reposter\u00eda oriental. Ideal para acompa\u00f1ar con t\u00e9 o caf\u00e9, perfecta para celebraciones o para darse un capricho especial. Ingredientes destacados: masa filo, nueces, canela, az\u00facar.Al\u00e9rgenos: contiene gluten y frutos secos.\" \/>\n<meta property=\"og:url\" content=\"https:\/\/pasteleriapetra.es\/?product=baklawa-de-nueces-y-canela\" \/>\n<meta property=\"og:site_name\" content=\"Pasteler\u00eda Petra\" \/>\n<meta property=\"article:modified_time\" content=\"2026-01-26T10:54:32+00:00\" \/>\n<meta property=\"og:image\" content=\"https:\/\/pasteleriapetra.es\/wp-content\/uploads\/2025\/11\/20260121_101434-scaled.jpg\" \/>\n\t<meta property=\"og:image:width\" content=\"2560\" \/>\n\t<meta property=\"og:image:height\" content=\"1196\" \/>\n\t<meta property=\"og:image:type\" content=\"image\/jpeg\" \/>\n<meta name=\"twitter:card\" content=\"summary_large_image\" \/>\n<meta name=\"twitter:label1\" content=\"Tiempo de lectura\" \/>\n\t<meta name=\"twitter:data1\" content=\"1 minuto\" \/>\n<script type=\"application\/ld+json\" class=\"yoast-schema-graph\">{\"@context\":\"https:\/\/schema.org\",\"@graph\":[{\"@type\":\"WebPage\",\"@id\":\"https:\/\/pasteleriapetra.es\/?product=baklawa-de-nueces-y-canela\",\"url\":\"https:\/\/pasteleriapetra.es\/?product=baklawa-de-nueces-y-canela\",\"name\":\"Baklawa de nueces y canela - Pasteler\u00eda Petra\",\"isPartOf\":{\"@id\":\"https:\/\/pasteleriapetra.es\/#website\"},\"primaryImageOfPage\":{\"@id\":\"https:\/\/pasteleriapetra.es\/?product=baklawa-de-nueces-y-canela#primaryimage\"},\"image\":{\"@id\":\"https:\/\/pasteleriapetra.es\/?product=baklawa-de-nueces-y-canela#primaryimage\"},\"thumbnailUrl\":\"https:\/\/pasteleriapetra.es\/wp-content\/uploads\/2025\/11\/20260121_101434-scaled.jpg\",\"datePublished\":\"2025-11-26T11:43:38+00:00\",\"dateModified\":\"2026-01-26T10:54:32+00:00\",\"breadcrumb\":{\"@id\":\"https:\/\/pasteleriapetra.es\/?product=baklawa-de-nueces-y-canela#breadcrumb\"},\"inLanguage\":\"es\",\"potentialAction\":[{\"@type\":\"ReadAction\",\"target\":[\"https:\/\/pasteleriapetra.es\/?product=baklawa-de-nueces-y-canela\"]}]},{\"@type\":\"ImageObject\",\"inLanguage\":\"es\",\"@id\":\"https:\/\/pasteleriapetra.es\/?product=baklawa-de-nueces-y-canela#primaryimage\",\"url\":\"https:\/\/pasteleriapetra.es\/wp-content\/uploads\/2025\/11\/20260121_101434-scaled.jpg\",\"contentUrl\":\"https:\/\/pasteleriapetra.es\/wp-content\/uploads\/2025\/11\/20260121_101434-scaled.jpg\",\"width\":2560,\"height\":1196},{\"@type\":\"BreadcrumbList\",\"@id\":\"https:\/\/pasteleriapetra.es\/?product=baklawa-de-nueces-y-canela#breadcrumb\",\"itemListElement\":[{\"@type\":\"ListItem\",\"position\":1,\"name\":\"Portada\",\"item\":\"https:\/\/pasteleriapetra.es\/\"},{\"@type\":\"ListItem\",\"position\":2,\"name\":\"Shop\",\"item\":\"https:\/\/pasteleriapetra.es\/?page_id=16\"},{\"@type\":\"ListItem\",\"position\":3,\"name\":\"Baklawa de nueces y canela\"}]},{\"@type\":\"WebSite\",\"@id\":\"https:\/\/pasteleriapetra.es\/#website\",\"url\":\"https:\/\/pasteleriapetra.es\/\",\"name\":\"Pasteler\u00eda Petra\",\"description\":\"La mejor reposter\u00eda \u00e1rabe\",\"publisher\":{\"@id\":\"https:\/\/pasteleriapetra.es\/#organization\"},\"potentialAction\":[{\"@type\":\"SearchAction\",\"target\":{\"@type\":\"EntryPoint\",\"urlTemplate\":\"https:\/\/pasteleriapetra.es\/?s={search_term_string}\"},\"query-input\":{\"@type\":\"PropertyValueSpecification\",\"valueRequired\":true,\"valueName\":\"search_term_string\"}}],\"inLanguage\":\"es\"},{\"@type\":\"Organization\",\"@id\":\"https:\/\/pasteleriapetra.es\/#organization\",\"name\":\"Pasteler\u00eda Petra\",\"url\":\"https:\/\/pasteleriapetra.es\/\",\"logo\":{\"@type\":\"ImageObject\",\"inLanguage\":\"es\",\"@id\":\"https:\/\/pasteleriapetra.es\/#\/schema\/logo\/image\/\",\"url\":\"https:\/\/pasteleriapetra.es\/wp-content\/uploads\/2025\/11\/cropped-Petra_logo-1.png\",\"contentUrl\":\"https:\/\/pasteleriapetra.es\/wp-content\/uploads\/2025\/11\/cropped-Petra_logo-1.png\",\"width\":1999,\"height\":1335,\"caption\":\"Pasteler\u00eda Petra\"},\"image\":{\"@id\":\"https:\/\/pasteleriapetra.es\/#\/schema\/logo\/image\/\"}}]}<\/script>\n<!-- \/ Yoast SEO plugin. -->","yoast_head_json":{"title":"Baklawa de nueces y canela - Pasteler\u00eda Petra","robots":{"index":"index","follow":"follow","max-snippet":"max-snippet:-1","max-image-preview":"max-image-preview:large","max-video-preview":"max-video-preview:-1"},"canonical":"https:\/\/pasteleriapetra.es\/?product=baklawa-de-nueces-y-canela","og_locale":"es_ES","og_type":"article","og_title":"Baklawa de nueces y canela - Pasteler\u00eda Petra","og_description":"Delicada baklawa artesanal elaborada seg\u00fan la receta tradicional \u00e1rabe, compuesta por finas capas de masa filo horneadas hasta lograr un crujiente perfecto. En su interior, un relleno generoso de nueces seleccionadas y canela arom\u00e1tica, que aporta un sabor c\u00e1lido y equilibrado. Ba\u00f1ada ligeramente con alm\u00edbar perfumado, esta baklawa destaca por su textura crujiente por fuera y jugosa por dentro, ofreciendo un equilibrio ideal entre dulzor y especias. Un postre cl\u00e1sico que evoca la tradici\u00f3n y el sabor aut\u00e9ntico de la reposter\u00eda oriental. Ideal para acompa\u00f1ar con t\u00e9 o caf\u00e9, perfecta para celebraciones o para darse un capricho especial. Ingredientes destacados: masa filo, nueces, canela, az\u00facar.Al\u00e9rgenos: contiene gluten y frutos secos.","og_url":"https:\/\/pasteleriapetra.es\/?product=baklawa-de-nueces-y-canela","og_site_name":"Pasteler\u00eda Petra","article_modified_time":"2026-01-26T10:54:32+00:00","og_image":[{"width":2560,"height":1196,"url":"https:\/\/pasteleriapetra.es\/wp-content\/uploads\/2025\/11\/20260121_101434-scaled.jpg","type":"image\/jpeg"}],"twitter_card":"summary_large_image","twitter_misc":{"Tiempo de lectura":"1 minuto"},"schema":{"@context":"https:\/\/schema.org","@graph":[{"@type":"WebPage","@id":"https:\/\/pasteleriapetra.es\/?product=baklawa-de-nueces-y-canela","url":"https:\/\/pasteleriapetra.es\/?product=baklawa-de-nueces-y-canela","name":"Baklawa de nueces y canela - Pasteler\u00eda Petra","isPartOf":{"@id":"https:\/\/pasteleriapetra.es\/#website"},"primaryImageOfPage":{"@id":"https:\/\/pasteleriapetra.es\/?product=baklawa-de-nueces-y-canela#primaryimage"},"image":{"@id":"https:\/\/pasteleriapetra.es\/?product=baklawa-de-nueces-y-canela#primaryimage"},"thumbnailUrl":"https:\/\/pasteleriapetra.es\/wp-content\/uploads\/2025\/11\/20260121_101434-scaled.jpg","datePublished":"2025-11-26T11:43:38+00:00","dateModified":"2026-01-26T10:54:32+00:00","breadcrumb":{"@id":"https:\/\/pasteleriapetra.es\/?product=baklawa-de-nueces-y-canela#breadcrumb"},"inLanguage":"es","potentialAction":[{"@type":"ReadAction","target":["https:\/\/pasteleriapetra.es\/?product=baklawa-de-nueces-y-canela"]}]},{"@type":"ImageObject","inLanguage":"es","@id":"https:\/\/pasteleriapetra.es\/?product=baklawa-de-nueces-y-canela#primaryimage","url":"https:\/\/pasteleriapetra.es\/wp-content\/uploads\/2025\/11\/20260121_101434-scaled.jpg","contentUrl":"https:\/\/pasteleriapetra.es\/wp-content\/uploads\/2025\/11\/20260121_101434-scaled.jpg","width":2560,"height":1196},{"@type":"BreadcrumbList","@id":"https:\/\/pasteleriapetra.es\/?product=baklawa-de-nueces-y-canela#breadcrumb","itemListElement":[{"@type":"ListItem","position":1,"name":"Portada","item":"https:\/\/pasteleriapetra.es\/"},{"@type":"ListItem","position":2,"name":"Shop","item":"https:\/\/pasteleriapetra.es\/?page_id=16"},{"@type":"ListItem","position":3,"name":"Baklawa de nueces y canela"}]},{"@type":"WebSite","@id":"https:\/\/pasteleriapetra.es\/#website","url":"https:\/\/pasteleriapetra.es\/","name":"Pasteler\u00eda Petra","description":"La mejor reposter\u00eda \u00e1rabe","publisher":{"@id":"https:\/\/pasteleriapetra.es\/#organization"},"potentialAction":[{"@type":"SearchAction","target":{"@type":"EntryPoint","urlTemplate":"https:\/\/pasteleriapetra.es\/?s={search_term_string}"},"query-input":{"@type":"PropertyValueSpecification","valueRequired":true,"valueName":"search_term_string"}}],"inLanguage":"es"},{"@type":"Organization","@id":"https:\/\/pasteleriapetra.es\/#organization","name":"Pasteler\u00eda Petra","url":"https:\/\/pasteleriapetra.es\/","logo":{"@type":"ImageObject","inLanguage":"es","@id":"https:\/\/pasteleriapetra.es\/#\/schema\/logo\/image\/","url":"https:\/\/pasteleriapetra.es\/wp-content\/uploads\/2025\/11\/cropped-Petra_logo-1.png","contentUrl":"https:\/\/pasteleriapetra.es\/wp-content\/uploads\/2025\/11\/cropped-Petra_logo-1.png","width":1999,"height":1335,"caption":"Pasteler\u00eda Petra"},"image":{"@id":"https:\/\/pasteleriapetra.es\/#\/schema\/logo\/image\/"}}]}},"_links":{"self":[{"href":"https:\/\/pasteleriapetra.es\/index.php?rest_route=\/wp\/v2\/product\/10453","targetHints":{"allow":["GET"]}}],"collection":[{"href":"https:\/\/pasteleriapetra.es\/index.php?rest_route=\/wp\/v2\/product"}],"about":[{"href":"https:\/\/pasteleriapetra.es\/index.php?rest_route=\/wp\/v2\/types\/product"}],"wp:featuredmedia":[{"embeddable":true,"href":"https:\/\/pasteleriapetra.es\/index.php?rest_route=\/wp\/v2\/media\/10995"}],"wp:attachment":[{"href":"https:\/\/pasteleriapetra.es\/index.php?rest_route=%2Fwp%2Fv2%2Fmedia&parent=10453"}],"wp:term":[{"taxonomy":"product_cat","embeddable":true,"href":"https:\/\/pasteleriapetra.es\/index.php?rest_route=%2Fwp%2Fv2%2Fproduct_cat&post=10453"},{"taxonomy":"product_tag","embeddable":true,"href":"https:\/\/pasteleriapetra.es\/index.php?rest_route=%2Fwp%2Fv2%2Fproduct_tag&post=10453"}],"curies":[{"name":"wp","href":"https:\/\/api.w.org\/{rel}","templated":true}]}}