{"id":6018,"date":"2021-11-09T04:07:56","date_gmt":"2021-11-09T04:07:56","guid":{"rendered":"https:\/\/demo2wpopal.b-cdn.net\/xocora\/?page_id=6018"},"modified":"2026-01-21T17:05:03","modified_gmt":"2026-01-21T17:05:03","slug":"distribuidores","status":"publish","type":"page","link":"https:\/\/pasteleriapetra.es\/?page_id=6018","title":{"rendered":"Distribuidores"},"content":{"rendered":"\t\t<div data-elementor-type=\"wp-page\" data-elementor-id=\"6018\" class=\"elementor elementor-6018\">\n\t\t\t\t\t\t<div class=\"elementor-section elementor-top-section elementor-element elementor-element-c22b4d8 elementor-section-height-min-height elementor-section-stretched elementor-section-boxed elementor-section-height-default elementor-section-items-middle\" data-id=\"c22b4d8\" data-element_type=\"section\" data-settings=\"{&quot;stretch_section&quot;:&quot;section-stretched&quot;,&quot;background_background&quot;:&quot;classic&quot;}\">\n\t\t\t\t\t\t\t<div class=\"elementor-background-overlay\"><\/div>\n\t\t\t\t\t\t\t<div class=\"elementor-container elementor-column-gap-no\">\n\t\t\t\t\t<div class=\"elementor-column elementor-col-100 elementor-top-column elementor-element elementor-element-0db5286\" data-id=\"0db5286\" data-element_type=\"column\">\n\t\t\t<div class=\"elementor-widget-wrap elementor-element-populated\">\n\t\t\t\t\t\t<div class=\"elementor-element elementor-element-3baa365 woocommerce-breadcrumb-hidden-yes elementor-widget elementor-widget-woocommerce-breadcrumb\" data-id=\"3baa365\" data-element_type=\"widget\" data-widget_type=\"woocommerce-breadcrumb.default\">\n\t\t\t\t<div class=\"elementor-widget-container\">\n\t\t\t\t\t<nav class=\"woocommerce-breadcrumb\">Home Page<\/nav><div class=\"xocora-woocommerce-title\">Home Page<\/div>\t\t\t\t<\/div>\n\t\t\t\t<\/div>\n\t\t\t\t\t<\/div>\n\t\t<\/div>\n\t\t\t\t\t<\/div>\n\t\t<\/div>\n\t\t\t\t<div class=\"elementor-section elementor-top-section elementor-element elementor-element-221e75a elementor-section-stretched elementor-section-boxed elementor-section-height-default elementor-section-height-default\" data-id=\"221e75a\" data-element_type=\"section\" data-settings=\"{&quot;stretch_section&quot;:&quot;section-stretched&quot;}\">\n\t\t\t\t\t\t<div class=\"elementor-container elementor-column-gap-no\">\n\t\t\t\t\t<div class=\"elementor-column elementor-col-33 elementor-top-column elementor-element elementor-element-7c3b0ca\" data-id=\"7c3b0ca\" data-element_type=\"column\" data-settings=\"{&quot;background_background&quot;:&quot;classic&quot;}\">\n\t\t\t<div class=\"elementor-widget-wrap elementor-element-populated\">\n\t\t\t\t\t\t<div class=\"elementor-element elementor-element-ee57d36 elementor-widget elementor-widget-heading\" data-id=\"ee57d36\" data-element_type=\"widget\" data-widget_type=\"heading.default\">\n\t\t\t\t\t<h4 class=\"elementor-heading-title elementor-size-default\">Distribuidores<\/h4>\t\t\t\t<\/div>\n\t\t\t\t<div class=\"elementor-element elementor-element-2b428b7 elementor-widget elementor-widget-heading\" data-id=\"2b428b7\" data-element_type=\"widget\" data-widget_type=\"heading.default\">\n\t\t\t\t\t<h2 class=\"elementor-heading-title elementor-size-default\">Obrador propio<\/h2>\t\t\t\t<\/div>\n\t\t\t\t<div class=\"elementor-element elementor-element-09a3179 elementor-widget__width-initial elementor-widget-mobile_extra__width-inherit elementor-widget-tablet__width-inherit elementor-widget elementor-widget-text-editor\" data-id=\"09a3179\" data-element_type=\"widget\" data-widget_type=\"text-editor.default\">\n\t\t\t\t\t\t\t\t\t<p>Buscamos distribuidores a nivel nacional que est\u00e9n interesados en incorporar nuestro\u00a0 gran y variado producto a su oferta para sus clientes.<\/p><p>Cont\u00e1ctenos para m\u00e1s informaci\u00f3n.<\/p>\t\t\t\t\t\t\t\t<\/div>\n\t\t\t\t<div class=\"elementor-element elementor-element-07546a8 elementor-widget elementor-widget-heading\" data-id=\"07546a8\" data-element_type=\"widget\" data-widget_type=\"heading.default\">\n\t\t\t\t\t<h2 class=\"elementor-heading-title elementor-size-default\">Faisal  Alatrash<\/h2>\t\t\t\t<\/div>\n\t\t\t\t\t<\/div>\n\t\t<\/div>\n\t\t\t\t<div class=\"elementor-column elementor-col-33 elementor-top-column elementor-element elementor-element-4c45117 elementor-hidden-mobile\" data-id=\"4c45117\" data-element_type=\"column\">\n\t\t\t<div class=\"elementor-widget-wrap elementor-element-populated\">\n\t\t\t\t\t\t<div class=\"elementor-element elementor-element-e334b99 elementor-widget elementor-widget-image\" data-id=\"e334b99\" data-element_type=\"widget\" data-widget_type=\"image.default\">\n\t\t\t\t\t\t\t\t\t\t\t\t\t\t\t<img fetchpriority=\"high\" decoding=\"async\" width=\"1196\" height=\"2560\" src=\"https:\/\/pasteleriapetra.es\/wp-content\/uploads\/2026\/01\/20260121_103522-scaled.jpg\" class=\"attachment-full size-full wp-image-10904\" alt=\"\" srcset=\"https:\/\/pasteleriapetra.es\/wp-content\/uploads\/2026\/01\/20260121_103522-scaled.jpg 1196w, https:\/\/pasteleriapetra.es\/wp-content\/uploads\/2026\/01\/20260121_103522-140x300.jpg 140w, https:\/\/pasteleriapetra.es\/wp-content\/uploads\/2026\/01\/20260121_103522-478x1024.jpg 478w, https:\/\/pasteleriapetra.es\/wp-content\/uploads\/2026\/01\/20260121_103522-768x1645.jpg 768w, https:\/\/pasteleriapetra.es\/wp-content\/uploads\/2026\/01\/20260121_103522-717x1536.jpg 717w, https:\/\/pasteleriapetra.es\/wp-content\/uploads\/2026\/01\/20260121_103522-467x999.jpg 467w, https:\/\/pasteleriapetra.es\/wp-content\/uploads\/2026\/01\/20260121_103522-800x1713.jpg 800w\" sizes=\"(max-width: 1196px) 100vw, 1196px\" \/>\t\t\t\t\t\t\t\t\t\t\t\t\t\t\t<\/div>\n\t\t\t\t\t<\/div>\n\t\t<\/div>\n\t\t\t\t<div class=\"elementor-column elementor-col-33 elementor-top-column elementor-element elementor-element-d9791f6 elementor-hidden-mobile_extra elementor-hidden-mobile\" data-id=\"d9791f6\" data-element_type=\"column\">\n\t\t\t<div class=\"elementor-widget-wrap elementor-element-populated\">\n\t\t\t\t\t\t<div class=\"elementor-element elementor-element-67b6061 elementor-widget elementor-widget-image\" data-id=\"67b6061\" data-element_type=\"widget\" data-widget_type=\"image.default\">\n\t\t\t\t\t\t\t\t\t\t\t\t\t\t\t<img decoding=\"async\" width=\"1196\" height=\"2560\" src=\"https:\/\/pasteleriapetra.es\/wp-content\/uploads\/2026\/01\/20260121_104843-scaled.jpg\" class=\"attachment-full size-full wp-image-10933\" alt=\"\" srcset=\"https:\/\/pasteleriapetra.es\/wp-content\/uploads\/2026\/01\/20260121_104843-scaled.jpg 1196w, https:\/\/pasteleriapetra.es\/wp-content\/uploads\/2026\/01\/20260121_104843-140x300.jpg 140w, https:\/\/pasteleriapetra.es\/wp-content\/uploads\/2026\/01\/20260121_104843-478x1024.jpg 478w, https:\/\/pasteleriapetra.es\/wp-content\/uploads\/2026\/01\/20260121_104843-768x1645.jpg 768w, https:\/\/pasteleriapetra.es\/wp-content\/uploads\/2026\/01\/20260121_104843-717x1536.jpg 717w, https:\/\/pasteleriapetra.es\/wp-content\/uploads\/2026\/01\/20260121_104843-467x999.jpg 467w, https:\/\/pasteleriapetra.es\/wp-content\/uploads\/2026\/01\/20260121_104843-800x1713.jpg 800w\" sizes=\"(max-width: 1196px) 100vw, 1196px\" \/>\t\t\t\t\t\t\t\t\t\t\t\t\t\t\t<\/div>\n\t\t\t\t\t<\/div>\n\t\t<\/div>\n\t\t\t\t\t<\/div>\n\t\t<\/div>\n\t\t\t\t<div class=\"elementor-section elementor-top-section elementor-element elementor-element-4267478 elementor-section-height-min-height elementor-section-stretched elementor-reverse-tablet elementor-reverse-mobile elementor-section-boxed elementor-section-height-default elementor-section-items-middle\" data-id=\"4267478\" data-element_type=\"section\" data-settings=\"{&quot;stretch_section&quot;:&quot;section-stretched&quot;,&quot;background_background&quot;:&quot;classic&quot;}\">\n\t\t\t\t\t\t<div class=\"elementor-container elementor-column-gap-no\">\n\t\t\t\t\t<div class=\"elementor-column elementor-col-33 elementor-top-column elementor-element elementor-element-38d51c7\" data-id=\"38d51c7\" data-element_type=\"column\">\n\t\t\t<div class=\"elementor-widget-wrap\">\n\t\t\t\t\t\t\t<\/div>\n\t\t<\/div>\n\t\t\t\t<div class=\"elementor-column elementor-col-33 elementor-top-column elementor-element elementor-element-bdc03a2\" data-id=\"bdc03a2\" data-element_type=\"column\">\n\t\t\t<div class=\"elementor-widget-wrap\">\n\t\t\t\t\t\t\t<\/div>\n\t\t<\/div>\n\t\t\t\t<div class=\"elementor-column elementor-col-33 elementor-top-column elementor-element elementor-element-a408a9f\" data-id=\"a408a9f\" data-element_type=\"column\">\n\t\t\t<div class=\"elementor-widget-wrap elementor-element-populated\">\n\t\t\t\t\t\t<div class=\"elementor-element elementor-element-27f3849 elementor-widget elementor-widget-heading\" data-id=\"27f3849\" data-element_type=\"widget\" data-widget_type=\"heading.default\">\n\t\t\t\t\t<h2 class=\"elementor-heading-title elementor-size-default\">Completa con este producto tu oferta<\/h2>\t\t\t\t<\/div>\n\t\t\t\t<div class=\"elementor-element elementor-element-2445b55 elementor-widget__width-initial elementor-widget-tablet_extra__width-inherit elementor-widget elementor-widget-heading\" data-id=\"2445b55\" data-element_type=\"widget\" data-widget_type=\"heading.default\">\n\t\t\t\t\t<h2 class=\"elementor-heading-title elementor-size-default\">Un gran producto<\/h2>\t\t\t\t<\/div>\n\t\t\t\t<div class=\"elementor-element elementor-element-9f8d473 elementor-widget__width-initial elementor-widget elementor-widget-text-editor\" data-id=\"9f8d473\" data-element_type=\"widget\" data-widget_type=\"text-editor.default\">\n\t\t\t\t\t\t\t\t\t<p>Ofrezca a sus clientes un producto fresco y de gran calidad.<\/p>\t\t\t\t\t\t\t\t<\/div>\n\t\t\t\t<div class=\"elementor-element elementor-element-8b56ea6 elementor-tablet-align-center button-divider-xocora-yes elementor-widget elementor-widget-button\" data-id=\"8b56ea6\" data-element_type=\"widget\" data-widget_type=\"button.default\">\n\t\t\t\t\t\t\t\t\t\t<a class=\"elementor-button elementor-button-link elementor-size-sm\" href=\"https:\/\/pasteleriapetra.es\/?page_id=7965\">\n\t\t\t\t\t\t<span class=\"elementor-button-content-wrapper\">\n\t\t\t\t\t\t\t\t\t<span class=\"elementor-button-text\">Contacto<\/span>\n\t\t\t\t\t<\/span>\n\t\t\t\t\t<\/a>\n\t\t\t\t\t\t\t\t<\/div>\n\t\t\t\t\t<\/div>\n\t\t<\/div>\n\t\t\t\t\t<\/div>\n\t\t<\/div>\n\t\t\t\t<\/div>\n\t\t","protected":false},"excerpt":{"rendered":"<p>Distribuidores Obrador propio Buscamos distribuidores a nivel nacional que est\u00e9n interesados en incorporar nuestro\u00a0 gran y variado producto a su oferta para sus clientes. Cont\u00e1ctenos para m\u00e1s informaci\u00f3n. Faisal Alatrash Completa con este producto tu oferta Un gran producto Ofrezca a sus clientes un producto fresco y de gran calidad. Contacto<\/p>\n","protected":false},"author":1,"featured_media":0,"parent":0,"menu_order":0,"comment_status":"closed","ping_status":"closed","template":"template-homepage.php","meta":{"footnotes":""},"class_list":["post-6018","page","type-page","status-publish","hentry"],"yoast_head":"<!-- This site is optimized with the Yoast SEO plugin v26.8 - https:\/\/yoast.com\/product\/yoast-seo-wordpress\/ -->\n<title>Distribuidores - Pasteler\u00eda Petra<\/title>\n<meta name=\"robots\" content=\"index, follow, max-snippet:-1, max-image-preview:large, max-video-preview:-1\" \/>\n<link rel=\"canonical\" href=\"https:\/\/pasteleriapetra.es\/?page_id=6018\" \/>\n<meta property=\"og:locale\" content=\"es_ES\" \/>\n<meta property=\"og:type\" content=\"article\" \/>\n<meta property=\"og:title\" content=\"Distribuidores - Pasteler\u00eda Petra\" \/>\n<meta property=\"og:description\" content=\"Distribuidores Obrador propio Buscamos distribuidores a nivel nacional que est\u00e9n interesados en incorporar nuestro\u00a0 gran y variado producto a su oferta para sus clientes. Cont\u00e1ctenos para m\u00e1s informaci\u00f3n. Faisal Alatrash Completa con este producto tu oferta Un gran producto Ofrezca a sus clientes un producto fresco y de gran calidad. Contacto\" \/>\n<meta property=\"og:url\" content=\"https:\/\/pasteleriapetra.es\/?page_id=6018\" \/>\n<meta property=\"og:site_name\" content=\"Pasteler\u00eda Petra\" \/>\n<meta property=\"article:modified_time\" content=\"2026-01-21T17:05:03+00:00\" \/>\n<meta property=\"og:image\" content=\"https:\/\/pasteleriapetra.es\/wp-content\/uploads\/2026\/01\/20260121_103522-scaled.jpg\" \/>\n\t<meta property=\"og:image:width\" content=\"1196\" \/>\n\t<meta property=\"og:image:height\" content=\"2560\" \/>\n\t<meta property=\"og:image:type\" content=\"image\/jpeg\" \/>\n<meta name=\"twitter:card\" content=\"summary_large_image\" \/>\n<meta name=\"twitter:label1\" content=\"Tiempo de lectura\" \/>\n\t<meta name=\"twitter:data1\" content=\"1 minuto\" \/>\n<script type=\"application\/ld+json\" class=\"yoast-schema-graph\">{\"@context\":\"https:\/\/schema.org\",\"@graph\":[{\"@type\":\"WebPage\",\"@id\":\"https:\/\/pasteleriapetra.es\/?page_id=6018\",\"url\":\"https:\/\/pasteleriapetra.es\/?page_id=6018\",\"name\":\"Distribuidores - Pasteler\u00eda Petra\",\"isPartOf\":{\"@id\":\"https:\/\/pasteleriapetra.es\/#website\"},\"primaryImageOfPage\":{\"@id\":\"https:\/\/pasteleriapetra.es\/?page_id=6018#primaryimage\"},\"image\":{\"@id\":\"https:\/\/pasteleriapetra.es\/?page_id=6018#primaryimage\"},\"thumbnailUrl\":\"https:\/\/pasteleriapetra.es\/wp-content\/uploads\/2026\/01\/20260121_103522-scaled.jpg\",\"datePublished\":\"2021-11-09T04:07:56+00:00\",\"dateModified\":\"2026-01-21T17:05:03+00:00\",\"breadcrumb\":{\"@id\":\"https:\/\/pasteleriapetra.es\/?page_id=6018#breadcrumb\"},\"inLanguage\":\"es\",\"potentialAction\":[{\"@type\":\"ReadAction\",\"target\":[\"https:\/\/pasteleriapetra.es\/?page_id=6018\"]}]},{\"@type\":\"ImageObject\",\"inLanguage\":\"es\",\"@id\":\"https:\/\/pasteleriapetra.es\/?page_id=6018#primaryimage\",\"url\":\"https:\/\/pasteleriapetra.es\/wp-content\/uploads\/2026\/01\/20260121_103522-scaled.jpg\",\"contentUrl\":\"https:\/\/pasteleriapetra.es\/wp-content\/uploads\/2026\/01\/20260121_103522-scaled.jpg\",\"width\":1196,\"height\":2560},{\"@type\":\"BreadcrumbList\",\"@id\":\"https:\/\/pasteleriapetra.es\/?page_id=6018#breadcrumb\",\"itemListElement\":[{\"@type\":\"ListItem\",\"position\":1,\"name\":\"Portada\",\"item\":\"https:\/\/pasteleriapetra.es\/\"},{\"@type\":\"ListItem\",\"position\":2,\"name\":\"Distribuidores\"}]},{\"@type\":\"WebSite\",\"@id\":\"https:\/\/pasteleriapetra.es\/#website\",\"url\":\"https:\/\/pasteleriapetra.es\/\",\"name\":\"Pasteler\u00eda Petra\",\"description\":\"La mejor reposter\u00eda \u00e1rabe\",\"publisher\":{\"@id\":\"https:\/\/pasteleriapetra.es\/#organization\"},\"potentialAction\":[{\"@type\":\"SearchAction\",\"target\":{\"@type\":\"EntryPoint\",\"urlTemplate\":\"https:\/\/pasteleriapetra.es\/?s={search_term_string}\"},\"query-input\":{\"@type\":\"PropertyValueSpecification\",\"valueRequired\":true,\"valueName\":\"search_term_string\"}}],\"inLanguage\":\"es\"},{\"@type\":\"Organization\",\"@id\":\"https:\/\/pasteleriapetra.es\/#organization\",\"name\":\"Pasteler\u00eda Petra\",\"url\":\"https:\/\/pasteleriapetra.es\/\",\"logo\":{\"@type\":\"ImageObject\",\"inLanguage\":\"es\",\"@id\":\"https:\/\/pasteleriapetra.es\/#\/schema\/logo\/image\/\",\"url\":\"https:\/\/pasteleriapetra.es\/wp-content\/uploads\/2025\/11\/cropped-Petra_logo-1.png\",\"contentUrl\":\"https:\/\/pasteleriapetra.es\/wp-content\/uploads\/2025\/11\/cropped-Petra_logo-1.png\",\"width\":1999,\"height\":1335,\"caption\":\"Pasteler\u00eda Petra\"},\"image\":{\"@id\":\"https:\/\/pasteleriapetra.es\/#\/schema\/logo\/image\/\"}}]}<\/script>\n<!-- \/ Yoast SEO plugin. -->","yoast_head_json":{"title":"Distribuidores - Pasteler\u00eda Petra","robots":{"index":"index","follow":"follow","max-snippet":"max-snippet:-1","max-image-preview":"max-image-preview:large","max-video-preview":"max-video-preview:-1"},"canonical":"https:\/\/pasteleriapetra.es\/?page_id=6018","og_locale":"es_ES","og_type":"article","og_title":"Distribuidores - Pasteler\u00eda Petra","og_description":"Distribuidores Obrador propio Buscamos distribuidores a nivel nacional que est\u00e9n interesados en incorporar nuestro\u00a0 gran y variado producto a su oferta para sus clientes. Cont\u00e1ctenos para m\u00e1s informaci\u00f3n. Faisal Alatrash Completa con este producto tu oferta Un gran producto Ofrezca a sus clientes un producto fresco y de gran calidad. Contacto","og_url":"https:\/\/pasteleriapetra.es\/?page_id=6018","og_site_name":"Pasteler\u00eda Petra","article_modified_time":"2026-01-21T17:05:03+00:00","og_image":[{"width":1196,"height":2560,"url":"https:\/\/pasteleriapetra.es\/wp-content\/uploads\/2026\/01\/20260121_103522-scaled.jpg","type":"image\/jpeg"}],"twitter_card":"summary_large_image","twitter_misc":{"Tiempo de lectura":"1 minuto"},"schema":{"@context":"https:\/\/schema.org","@graph":[{"@type":"WebPage","@id":"https:\/\/pasteleriapetra.es\/?page_id=6018","url":"https:\/\/pasteleriapetra.es\/?page_id=6018","name":"Distribuidores - Pasteler\u00eda Petra","isPartOf":{"@id":"https:\/\/pasteleriapetra.es\/#website"},"primaryImageOfPage":{"@id":"https:\/\/pasteleriapetra.es\/?page_id=6018#primaryimage"},"image":{"@id":"https:\/\/pasteleriapetra.es\/?page_id=6018#primaryimage"},"thumbnailUrl":"https:\/\/pasteleriapetra.es\/wp-content\/uploads\/2026\/01\/20260121_103522-scaled.jpg","datePublished":"2021-11-09T04:07:56+00:00","dateModified":"2026-01-21T17:05:03+00:00","breadcrumb":{"@id":"https:\/\/pasteleriapetra.es\/?page_id=6018#breadcrumb"},"inLanguage":"es","potentialAction":[{"@type":"ReadAction","target":["https:\/\/pasteleriapetra.es\/?page_id=6018"]}]},{"@type":"ImageObject","inLanguage":"es","@id":"https:\/\/pasteleriapetra.es\/?page_id=6018#primaryimage","url":"https:\/\/pasteleriapetra.es\/wp-content\/uploads\/2026\/01\/20260121_103522-scaled.jpg","contentUrl":"https:\/\/pasteleriapetra.es\/wp-content\/uploads\/2026\/01\/20260121_103522-scaled.jpg","width":1196,"height":2560},{"@type":"BreadcrumbList","@id":"https:\/\/pasteleriapetra.es\/?page_id=6018#breadcrumb","itemListElement":[{"@type":"ListItem","position":1,"name":"Portada","item":"https:\/\/pasteleriapetra.es\/"},{"@type":"ListItem","position":2,"name":"Distribuidores"}]},{"@type":"WebSite","@id":"https:\/\/pasteleriapetra.es\/#website","url":"https:\/\/pasteleriapetra.es\/","name":"Pasteler\u00eda Petra","description":"La mejor reposter\u00eda \u00e1rabe","publisher":{"@id":"https:\/\/pasteleriapetra.es\/#organization"},"potentialAction":[{"@type":"SearchAction","target":{"@type":"EntryPoint","urlTemplate":"https:\/\/pasteleriapetra.es\/?s={search_term_string}"},"query-input":{"@type":"PropertyValueSpecification","valueRequired":true,"valueName":"search_term_string"}}],"inLanguage":"es"},{"@type":"Organization","@id":"https:\/\/pasteleriapetra.es\/#organization","name":"Pasteler\u00eda Petra","url":"https:\/\/pasteleriapetra.es\/","logo":{"@type":"ImageObject","inLanguage":"es","@id":"https:\/\/pasteleriapetra.es\/#\/schema\/logo\/image\/","url":"https:\/\/pasteleriapetra.es\/wp-content\/uploads\/2025\/11\/cropped-Petra_logo-1.png","contentUrl":"https:\/\/pasteleriapetra.es\/wp-content\/uploads\/2025\/11\/cropped-Petra_logo-1.png","width":1999,"height":1335,"caption":"Pasteler\u00eda Petra"},"image":{"@id":"https:\/\/pasteleriapetra.es\/#\/schema\/logo\/image\/"}}]}},"_links":{"self":[{"href":"https:\/\/pasteleriapetra.es\/index.php?rest_route=\/wp\/v2\/pages\/6018","targetHints":{"allow":["GET"]}}],"collection":[{"href":"https:\/\/pasteleriapetra.es\/index.php?rest_route=\/wp\/v2\/pages"}],"about":[{"href":"https:\/\/pasteleriapetra.es\/index.php?rest_route=\/wp\/v2\/types\/page"}],"author":[{"embeddable":true,"href":"https:\/\/pasteleriapetra.es\/index.php?rest_route=\/wp\/v2\/users\/1"}],"replies":[{"embeddable":true,"href":"https:\/\/pasteleriapetra.es\/index.php?rest_route=%2Fwp%2Fv2%2Fcomments&post=6018"}],"version-history":[{"count":25,"href":"https:\/\/pasteleriapetra.es\/index.php?rest_route=\/wp\/v2\/pages\/6018\/revisions"}],"predecessor-version":[{"id":10952,"href":"https:\/\/pasteleriapetra.es\/index.php?rest_route=\/wp\/v2\/pages\/6018\/revisions\/10952"}],"wp:attachment":[{"href":"https:\/\/pasteleriapetra.es\/index.php?rest_route=%2Fwp%2Fv2%2Fmedia&parent=6018"}],"curies":[{"name":"wp","href":"https:\/\/api.w.org\/{rel}","templated":true}]}}