{"id":3,"date":"2025-10-21T07:30:51","date_gmt":"2025-10-21T07:30:51","guid":{"rendered":"https:\/\/pasteleriapetra.es\/?page_id=3"},"modified":"2026-01-14T09:31:38","modified_gmt":"2026-01-14T09:31:38","slug":"aviso-legal","status":"publish","type":"page","link":"https:\/\/pasteleriapetra.es\/?page_id=3","title":{"rendered":"Aviso legal"},"content":{"rendered":"\t\t<div data-elementor-type=\"wp-page\" data-elementor-id=\"3\" class=\"elementor elementor-3\">\n\t\t\t\t<div class=\"elementor-element elementor-element-3ad6c0ca e-flex e-con-boxed e-con e-parent\" data-id=\"3ad6c0ca\" data-element_type=\"container\">\n\t\t\t\t\t<div class=\"e-con-inner\">\n\t\t\t\t<div class=\"elementor-element elementor-element-2f6b983e elementor-widget elementor-widget-text-editor\" data-id=\"2f6b983e\" data-element_type=\"widget\" data-widget_type=\"text-editor.default\">\n\t\t\t\t\t\t\t\t\t<p>LEY DE LOS SERVICIOS DE LA SOCIEDAD DE LA INFORMACI\u00d3N (LSSI)<br \/>PASTELER\u00cdA PETRA\u00a0 responsable del sitio web, en adelante RESPONSABLE,<br \/>pone a disposici\u00f3n de los usuarios el presente documento, con el que pretende dar cumplimiento a las<br \/>obligaciones dispuestas en la Ley 34\/2002, de 11 de julio, de Servicios de la Sociedad de la<br \/>Informaci\u00f3n y de Comercio Electr\u00f3nico (LSSICE), BOE N \u00ba 166, as\u00ed como informar a todos los usuarios<br \/>del sitio web respecto a cu\u00e1les son las condiciones de uso.<br \/>Toda persona que acceda a este sitio web asume el papel de usuario, comprometi\u00e9ndose a la<br \/>observancia y cumplimiento riguroso de las disposiciones aqu\u00ed dispuestas, as\u00ed como a cualquier otra<br \/>disposici\u00f3n legal que fuera de aplicaci\u00f3n.<br \/>PASTELER\u00cdA PETRA se reserva el derecho de modificar cualquier tipo de<br \/>informaci\u00f3n que pudiera aparecer en el sitio web, sin que exista obligaci\u00f3n de preavisar o poner en<br \/>conocimiento de los usuarios dichas obligaciones, entendi\u00e9ndose como suficiente con la publicaci\u00f3n en<br \/>el sitio web de pasteleriapetra.es<\/p><ol><li>DATOS IDENTIFICATIVOS<br \/>Nombre de dominio: pasteleriapetra.es<\/li><li>Nombre comercial: Pasteler\u00eda Petra<\/li><li>Denominaci\u00f3n social: Faisal Alatrash Ali<br \/>CIF: 78314999E<\/li><li>Domicilio social: Calle Elvira 81-83 local 1<\/li><li>Tel\u00e9fono: 631537076\u00a0<br \/>e-mail:info@pasteleriapetra.es<\/li><li>DERECHOS DE PROPIEDAD INTELECTUAL E INDUSTRIAL<\/li><\/ol><p>El sitio web, incluyendo a t\u00edtulo enunciativo pero no limitativo su programaci\u00f3n, edici\u00f3n, compilaci\u00f3n y<br \/>dem\u00e1s elementos necesarios para su funcionamiento, los dise\u00f1os, logotipos, texto y\/o gr\u00e1ficos, son<br \/>propiedad del RESPONSABLE o, si es el caso, dispone de licencia o autorizaci\u00f3n expresa por parte de<br \/>los autores. Todos los contenidos del sitio web se encuentran debidamente protegidos por la normativa<br \/>de propiedad intelectual e industrial, as\u00ed como inscritos en los registros p\u00fablicos correspondientes.<br \/>Independientemente de la finalidad para la que fueran destinados, la reproducci\u00f3n total o parcial, uso,<br \/>explotaci\u00f3n, distribuci\u00f3n y comercializaci\u00f3n, requiere en todo caso de la autorizaci\u00f3n escrita previa por<br \/>parte del RESPONSABLE. Cualquier uso no autorizado previamente se considera un incumplimiento<br \/>grave de los derechos de propiedad intelectual o industrial del autor.<br \/>Los dise\u00f1os, logotipos, texto y\/o gr\u00e1ficos ajenos al RESPONSABLE y que pudieran aparecer en el sitio<br \/>web, pertenecen a sus respectivos propietarios, siendo ellos mismos responsables de cualquier posible<br \/>controversia que pudiera suscitarse respecto a los mismos. El RESPONSABLE autoriza expresamente<br \/>a que terceros puedan redirigir directamente a los contenidos concretos del sitio web, y en todo caso<br \/>redirigir al sitio web principal de pasteleriapetra.es<br \/>El RESPONSABLE reconoce a favor de sus titulares los correspondientes derechos de propiedad<br \/>intelectual e industrial, no implicando su sola menci\u00f3n o aparici\u00f3n en el sitio web la existencia de derechos o responsabilidad alguna sobre los mismos, como tampoco respaldo, patrocinio o<br \/>recomendaci\u00f3n por parte del mismo.<br \/>Para realizar cualquier tipo de observaci\u00f3n respecto a posibles incumplimientos de los derechos de<br \/>propiedad intelectual o industrial, as\u00ed como sobre cualquiera de los contenidos del sitio web, puede<br \/>hacerlo a trav\u00e9s del correo electr\u00f3nico info@pasteleriapetra.es<\/p><ol start=\"3\"><li>EXENCI\u00d3N DE RESPONSABILIDADES<\/li><\/ol><p>El RESPONSABLE se exime de cualquier tipo de responsabilidad derivada de la informaci\u00f3n publicada<br \/>en su sitio web siempre que esta informaci\u00f3n haya sido manipulada o introducida por un tercero ajeno<br \/>al mismo.<br \/>Uso de Cookies<br \/>Este sitio web puede utilizar cookies t\u00e9cnicas (peque\u00f1os archivos de informaci\u00f3n que el servidor env\u00eda<br \/>al ordenador de quien accede a la p\u00e1gina) para llevar a cabo determinadas funciones que son<br \/>consideradas imprescindibles para el correcto funcionamiento y visualizaci\u00f3n del sitio. Las cookies<br \/>utilizadas tienen, en todo caso, car\u00e1cter temporal, con la \u00fanica finalidad de hacer m\u00e1s eficaz la<br \/>navegaci\u00f3n, y desaparecen al terminar la sesi\u00f3n del usuario. En ning\u00fan caso, estas cookies<br \/>proporcionan por s\u00ed mismas datos de car\u00e1cter personal y no se utilizar\u00e1n para la recogida de los<br \/>mismos.<br \/>Mediante el uso de cookies tambi\u00e9n es posible que el servidor donde se encuentra la web reconozca el<br \/>navegador utilizado por el usuario con la finalidad de que la navegaci\u00f3n sea m\u00e1s sencilla, permitiendo,<br \/>por ejemplo, el acceso de los usuarios que se hayan registrado previamente a las \u00e1reas, servicios,<br \/>promociones o concursos reservados exclusivamente a ellos sin tener que registrarse en cada visita.<br \/>Tambi\u00e9n se pueden utilizar para medir la audiencia, par\u00e1metros de tr\u00e1fico, controlar el progreso y<br \/>n\u00famero de entradas, etc, siendo en estos casos cookies prescindibles t\u00e9cnicamente pero beneficiosas<br \/>para el usuario. Este sitio web no instalar\u00e1 cookies prescindibles sin el consentimiento previo del<br \/>usuario.<br \/>El usuario tiene la posibilidad de configurar su navegador para ser alertado de la recepci\u00f3n de cookies<br \/>y para impedir su instalaci\u00f3n en su equipo. Por favor, consulte las instrucciones de su navegador para<br \/>ampliar esta informaci\u00f3n.<br \/>Pol\u00edtica de enlaces<br \/>Desde el sitio web, es posible que se redirija a contenidos de terceros sitios web. Dado que el<br \/>RESPONSABLE no puede controlar siempre los contenidos introducidos por los terceros en sus<br \/>respectivos sitios web, no asume ning\u00fan tipo de responsabilidad respecto a dichos contenidos. En todo<br \/>caso, proceder\u00e1 a la retirada inmediata de cualquier contenido que pudiera contravenir la legislaci\u00f3n<br \/>nacional o internacional, la moral o el orden p\u00fablico, procediendo a la retirada inmediata de la<br \/>redirecci\u00f3n a dicho sitio web, poniendo en conocimiento de las autoridades competentes el contenido<br \/>en cuesti\u00f3n.<br \/>El RESPONSABLE no se hace responsable de la informaci\u00f3n y contenidos almacenados, a t\u00edtulo<br \/>enunciativo pero no limitativo, en foros, chats, generadores de blogs, comentarios, redes sociales o<br \/>cualquier otro medio que permita a terceros publicar contenidos de forma independiente en la p\u00e1gina<br \/>web del RESPONSABLE. Sin embargo, y en cumplimiento de lo dispuesto en los art\u00edculos 11 y 16 de<br \/>la LSSICE, se pone a disposici\u00f3n de todos los usuarios, autoridades y fuerzas de seguridad,<br \/>colaborando de forma activa en la retirada o, en su caso, bloqueo de todos aquellos contenidos que<br \/>puedan afectar o contravenir la legislaci\u00f3n nacional o internacional, los derechos de terceros o la moral<br \/>y el orden p\u00fablico. En caso de que el usuario considere que existe en el sitio web alg\u00fan contenido que<br \/>pudiera ser susceptible de esta clasificaci\u00f3n, se ruega lo notifique de forma inmediata al administrador<br \/>del sitio web.<\/p>\t\t\t\t\t\t\t\t<\/div>\n\t\t\t\t\t<\/div>\n\t\t\t\t<\/div>\n\t\t\t\t<\/div>\n\t\t","protected":false},"excerpt":{"rendered":"<p>LEY DE LOS SERVICIOS DE LA SOCIEDAD DE LA INFORMACI\u00d3N (LSSI)PASTELER\u00cdA PETRA\u00a0 responsable del sitio web, en adelante RESPONSABLE,pone a disposici\u00f3n de los usuarios el presente documento, con el que pretende dar cumplimiento a lasobligaciones dispuestas en la Ley 34\/2002, de 11 de julio, de Servicios de la Sociedad de laInformaci\u00f3n y de Comercio Electr\u00f3nico [&hellip;]<\/p>\n","protected":false},"author":1,"featured_media":0,"parent":0,"menu_order":0,"comment_status":"closed","ping_status":"closed","template":"","meta":{"footnotes":""},"class_list":["post-3","page","type-page","status-publish","hentry"],"yoast_head":"<!-- This site is optimized with the Yoast SEO plugin v26.8 - https:\/\/yoast.com\/product\/yoast-seo-wordpress\/ -->\n<title>Aviso legal - Pasteler\u00eda Petra<\/title>\n<meta name=\"robots\" content=\"index, follow, max-snippet:-1, max-image-preview:large, max-video-preview:-1\" \/>\n<link rel=\"canonical\" href=\"https:\/\/pasteleriapetra.es\/?page_id=3\" \/>\n<meta property=\"og:locale\" content=\"es_ES\" \/>\n<meta property=\"og:type\" content=\"article\" \/>\n<meta property=\"og:title\" content=\"Aviso legal - Pasteler\u00eda Petra\" \/>\n<meta property=\"og:description\" content=\"LEY DE LOS SERVICIOS DE LA SOCIEDAD DE LA INFORMACI\u00d3N (LSSI)PASTELER\u00cdA PETRA\u00a0 responsable del sitio web, en adelante RESPONSABLE,pone a disposici\u00f3n de los usuarios el presente documento, con el que pretende dar cumplimiento a lasobligaciones dispuestas en la Ley 34\/2002, de 11 de julio, de Servicios de la Sociedad de laInformaci\u00f3n y de Comercio Electr\u00f3nico [&hellip;]\" \/>\n<meta property=\"og:url\" content=\"https:\/\/pasteleriapetra.es\/?page_id=3\" \/>\n<meta property=\"og:site_name\" content=\"Pasteler\u00eda Petra\" \/>\n<meta property=\"article:modified_time\" content=\"2026-01-14T09:31:38+00:00\" \/>\n<meta name=\"twitter:card\" content=\"summary_large_image\" \/>\n<meta name=\"twitter:label1\" content=\"Tiempo de lectura\" \/>\n\t<meta name=\"twitter:data1\" content=\"5 minutos\" \/>\n<script type=\"application\/ld+json\" class=\"yoast-schema-graph\">{\"@context\":\"https:\/\/schema.org\",\"@graph\":[{\"@type\":\"WebPage\",\"@id\":\"https:\/\/pasteleriapetra.es\/?page_id=3\",\"url\":\"https:\/\/pasteleriapetra.es\/?page_id=3\",\"name\":\"Aviso legal - Pasteler\u00eda Petra\",\"isPartOf\":{\"@id\":\"https:\/\/pasteleriapetra.es\/#website\"},\"datePublished\":\"2025-10-21T07:30:51+00:00\",\"dateModified\":\"2026-01-14T09:31:38+00:00\",\"breadcrumb\":{\"@id\":\"https:\/\/pasteleriapetra.es\/?page_id=3#breadcrumb\"},\"inLanguage\":\"es\",\"potentialAction\":[{\"@type\":\"ReadAction\",\"target\":[\"https:\/\/pasteleriapetra.es\/?page_id=3\"]}]},{\"@type\":\"BreadcrumbList\",\"@id\":\"https:\/\/pasteleriapetra.es\/?page_id=3#breadcrumb\",\"itemListElement\":[{\"@type\":\"ListItem\",\"position\":1,\"name\":\"Portada\",\"item\":\"https:\/\/pasteleriapetra.es\/\"},{\"@type\":\"ListItem\",\"position\":2,\"name\":\"Aviso legal\"}]},{\"@type\":\"WebSite\",\"@id\":\"https:\/\/pasteleriapetra.es\/#website\",\"url\":\"https:\/\/pasteleriapetra.es\/\",\"name\":\"Pasteler\u00eda Petra\",\"description\":\"La mejor reposter\u00eda \u00e1rabe\",\"publisher\":{\"@id\":\"https:\/\/pasteleriapetra.es\/#organization\"},\"potentialAction\":[{\"@type\":\"SearchAction\",\"target\":{\"@type\":\"EntryPoint\",\"urlTemplate\":\"https:\/\/pasteleriapetra.es\/?s={search_term_string}\"},\"query-input\":{\"@type\":\"PropertyValueSpecification\",\"valueRequired\":true,\"valueName\":\"search_term_string\"}}],\"inLanguage\":\"es\"},{\"@type\":\"Organization\",\"@id\":\"https:\/\/pasteleriapetra.es\/#organization\",\"name\":\"Pasteler\u00eda Petra\",\"url\":\"https:\/\/pasteleriapetra.es\/\",\"logo\":{\"@type\":\"ImageObject\",\"inLanguage\":\"es\",\"@id\":\"https:\/\/pasteleriapetra.es\/#\/schema\/logo\/image\/\",\"url\":\"https:\/\/pasteleriapetra.es\/wp-content\/uploads\/2025\/11\/cropped-Petra_logo-1.png\",\"contentUrl\":\"https:\/\/pasteleriapetra.es\/wp-content\/uploads\/2025\/11\/cropped-Petra_logo-1.png\",\"width\":1999,\"height\":1335,\"caption\":\"Pasteler\u00eda Petra\"},\"image\":{\"@id\":\"https:\/\/pasteleriapetra.es\/#\/schema\/logo\/image\/\"}}]}<\/script>\n<!-- \/ Yoast SEO plugin. -->","yoast_head_json":{"title":"Aviso legal - Pasteler\u00eda Petra","robots":{"index":"index","follow":"follow","max-snippet":"max-snippet:-1","max-image-preview":"max-image-preview:large","max-video-preview":"max-video-preview:-1"},"canonical":"https:\/\/pasteleriapetra.es\/?page_id=3","og_locale":"es_ES","og_type":"article","og_title":"Aviso legal - Pasteler\u00eda Petra","og_description":"LEY DE LOS SERVICIOS DE LA SOCIEDAD DE LA INFORMACI\u00d3N (LSSI)PASTELER\u00cdA PETRA\u00a0 responsable del sitio web, en adelante RESPONSABLE,pone a disposici\u00f3n de los usuarios el presente documento, con el que pretende dar cumplimiento a lasobligaciones dispuestas en la Ley 34\/2002, de 11 de julio, de Servicios de la Sociedad de laInformaci\u00f3n y de Comercio Electr\u00f3nico [&hellip;]","og_url":"https:\/\/pasteleriapetra.es\/?page_id=3","og_site_name":"Pasteler\u00eda Petra","article_modified_time":"2026-01-14T09:31:38+00:00","twitter_card":"summary_large_image","twitter_misc":{"Tiempo de lectura":"5 minutos"},"schema":{"@context":"https:\/\/schema.org","@graph":[{"@type":"WebPage","@id":"https:\/\/pasteleriapetra.es\/?page_id=3","url":"https:\/\/pasteleriapetra.es\/?page_id=3","name":"Aviso legal - Pasteler\u00eda Petra","isPartOf":{"@id":"https:\/\/pasteleriapetra.es\/#website"},"datePublished":"2025-10-21T07:30:51+00:00","dateModified":"2026-01-14T09:31:38+00:00","breadcrumb":{"@id":"https:\/\/pasteleriapetra.es\/?page_id=3#breadcrumb"},"inLanguage":"es","potentialAction":[{"@type":"ReadAction","target":["https:\/\/pasteleriapetra.es\/?page_id=3"]}]},{"@type":"BreadcrumbList","@id":"https:\/\/pasteleriapetra.es\/?page_id=3#breadcrumb","itemListElement":[{"@type":"ListItem","position":1,"name":"Portada","item":"https:\/\/pasteleriapetra.es\/"},{"@type":"ListItem","position":2,"name":"Aviso legal"}]},{"@type":"WebSite","@id":"https:\/\/pasteleriapetra.es\/#website","url":"https:\/\/pasteleriapetra.es\/","name":"Pasteler\u00eda Petra","description":"La mejor reposter\u00eda \u00e1rabe","publisher":{"@id":"https:\/\/pasteleriapetra.es\/#organization"},"potentialAction":[{"@type":"SearchAction","target":{"@type":"EntryPoint","urlTemplate":"https:\/\/pasteleriapetra.es\/?s={search_term_string}"},"query-input":{"@type":"PropertyValueSpecification","valueRequired":true,"valueName":"search_term_string"}}],"inLanguage":"es"},{"@type":"Organization","@id":"https:\/\/pasteleriapetra.es\/#organization","name":"Pasteler\u00eda Petra","url":"https:\/\/pasteleriapetra.es\/","logo":{"@type":"ImageObject","inLanguage":"es","@id":"https:\/\/pasteleriapetra.es\/#\/schema\/logo\/image\/","url":"https:\/\/pasteleriapetra.es\/wp-content\/uploads\/2025\/11\/cropped-Petra_logo-1.png","contentUrl":"https:\/\/pasteleriapetra.es\/wp-content\/uploads\/2025\/11\/cropped-Petra_logo-1.png","width":1999,"height":1335,"caption":"Pasteler\u00eda Petra"},"image":{"@id":"https:\/\/pasteleriapetra.es\/#\/schema\/logo\/image\/"}}]}},"_links":{"self":[{"href":"https:\/\/pasteleriapetra.es\/index.php?rest_route=\/wp\/v2\/pages\/3","targetHints":{"allow":["GET"]}}],"collection":[{"href":"https:\/\/pasteleriapetra.es\/index.php?rest_route=\/wp\/v2\/pages"}],"about":[{"href":"https:\/\/pasteleriapetra.es\/index.php?rest_route=\/wp\/v2\/types\/page"}],"author":[{"embeddable":true,"href":"https:\/\/pasteleriapetra.es\/index.php?rest_route=\/wp\/v2\/users\/1"}],"replies":[{"embeddable":true,"href":"https:\/\/pasteleriapetra.es\/index.php?rest_route=%2Fwp%2Fv2%2Fcomments&post=3"}],"version-history":[{"count":7,"href":"https:\/\/pasteleriapetra.es\/index.php?rest_route=\/wp\/v2\/pages\/3\/revisions"}],"predecessor-version":[{"id":10823,"href":"https:\/\/pasteleriapetra.es\/index.php?rest_route=\/wp\/v2\/pages\/3\/revisions\/10823"}],"wp:attachment":[{"href":"https:\/\/pasteleriapetra.es\/index.php?rest_route=%2Fwp%2Fv2%2Fmedia&parent=3"}],"curies":[{"name":"wp","href":"https:\/\/api.w.org\/{rel}","templated":true}]}}