{"id":10248,"date":"2021-10-28T10:00:09","date_gmt":"2021-10-28T10:00:09","guid":{"rendered":"https:\/\/demo2wpopal.b-cdn.net\/xocora\/?page_id=3"},"modified":"2026-01-14T09:40:45","modified_gmt":"2026-01-14T09:40:45","slug":"politica-de-privacidad","status":"publish","type":"page","link":"https:\/\/pasteleriapetra.es\/?page_id=10248","title":{"rendered":"Pol\u00edtica de privacidad"},"content":{"rendered":"\t\t<div data-elementor-type=\"wp-page\" data-elementor-id=\"10248\" class=\"elementor elementor-10248\">\n\t\t\t\t<div class=\"elementor-element elementor-element-65e8bf83 e-flex e-con-boxed e-con e-parent\" data-id=\"65e8bf83\" data-element_type=\"container\">\n\t\t\t\t\t<div class=\"e-con-inner\">\n\t\t\t\t<div class=\"elementor-element elementor-element-2c211247 elementor-widget elementor-widget-text-editor\" data-id=\"2c211247\" data-element_type=\"widget\" data-widget_type=\"text-editor.default\">\n\t\t\t\t\t\t\t\t\t\n<h2 class=\"wp-block-heading\">\u00a0<\/h2>\n<ol>\n<li>INFORMACI\u00d3N AL USUARIO<br \/>Pasteler\u00eda Petra, en adelante RESPONSABLE, es el Responsable del<br \/>tratamiento de los datos personales del Usuario y le informa que estos datos ser\u00e1n tratados de<br \/>conformidad con lo dispuesto en el Reglamento (UE) 2016\/679 de 27 de abril de 2016 (GDPR) relativo<br \/>a la protecci\u00f3n de las personas f\u00edsicas en lo que respecta al tratamiento de datos personales y a la<br \/>libre circulaci\u00f3n de estos datos, por lo que se le facilita la siguiente informaci\u00f3n del tratamiento:<br \/>Fin del tratamiento: mantener una relaci\u00f3n comercial con el Usuario. Las operaciones previstas para<br \/>realizar el tratamiento son:<br \/>El mantenimiento de la relaci\u00f3n contractual establecida entre el titular de los datos y Pasteler\u00eda Petra Remisi\u00f3n de comunicaciones comerciales publicitarias por email, fax, SMS, MMS, comunidades<br \/>sociales o cualquier otro medio electr\u00f3nico o f\u00edsico, presente o futuro, que posibilite realizar<br \/>comunicaciones comerciales. Estas comunicaciones ser\u00e1n realizadas por el RESPONSABLE y<br \/>relacionadas sobre sus productos y servicios, o de sus colaboradores o proveedores con los que<br \/>\u00e9ste haya alcanzado alg\u00fan acuerdo de promoci\u00f3n. En este caso, los terceros nunca tendr\u00e1n<br \/>acceso a los datos personales.<br \/>Realizar estudios estad\u00edsticos.<br \/>Tramitar encargos, solicitudes o cualquier tipo de petici\u00f3n que sea realizada por el usuario a<br \/>trav\u00e9s de cualquiera de las formas de contacto que se ponen a su disposici\u00f3n.<br \/>Remitir el bolet\u00edn de noticias de la p\u00e1gina web.<br \/>Base jur\u00eddica del tratamiento:<br \/>Por regla general, previo al tratamiento de los datos personales, Pasteler\u00eda Petra obtiene consentimiento inequ\u00edvoco del titular de los mismos, mediante la incorporaci\u00f3n de cl\u00e1usulas de<br \/>consentimiento informado en los diferentes sistemas de recogida de informaci\u00f3n.<br \/>No obstante, en caso de que no se requiera el consentimiento del interesado, la base legitimadora del<br \/>tratamiento en la cual se ampara Pasteler\u00eda Petra\u00a0 es la ejecuci\u00f3n de la relaci\u00f3n<br \/>contractual establecida, nuestro inter\u00e9s leg\u00edtimo en el desarrollo del negocio, en el caso de la promoci\u00f3n y<br \/>prospecci\u00f3n comerciales o el cumplimiento de una ley que autorice o exija el tratamiento de los datos del<br \/>interesado.<br \/>Si se ha solicitado su consentimiento para alguno de los tratamientos que vamos a llevar a cabo (como es el<br \/>env\u00edo de informaci\u00f3n) le informamos que puede retirarlo en cualquier momento.<br \/>Criterios de conservaci\u00f3n de los datos: se conservar\u00e1n mientras exista un inter\u00e9s mutuo para<br \/>mantener el fin del tratamiento y cuando ya no sea necesario para tal fin, se suprimir\u00e1n con medidas<br \/>de seguridad adecuadas para garantizar la seudonimizaci\u00f3n de los datos o la destrucci\u00f3n total de los<br \/>mismos.<br \/>Comunicaci\u00f3n de los datos: No se comunicar\u00e1n los datos a terceros, salvo obligaci\u00f3n legal.<br \/><br \/><br \/><br \/><\/li>\n<li>DATOS IDENTIFICATIVOS<br \/>Nombre de dominio: pasteleriapetra.es<\/li>\n<li>Nombre comercial: Pasteler\u00eda Petra<\/li>\n<li>Denominaci\u00f3n social: Faisal Alatrash Ali<br \/>CIF: 78314999E<\/li>\n<li>Domicilio social: Calle Elvira 81-83 local 1<\/li>\n<li>Tel\u00e9fono: 631537076\u00a0<br \/>e-mail:info@pasteleriapetra.es\n<ol>\n<li style=\"list-style-type: none;\">\n<ol>\n<li><br \/>Derechos que asisten al Usuario:<br \/>Derecho a retirar el consentimiento en cualquier momento.<br \/>Derecho de acceso, rectificaci\u00f3n, portabilidad y supresi\u00f3n de sus datos y a la limitaci\u00f3n u<br \/>oposici\u00f3n al su tratamiento.<br \/>Derecho a presentar una reclamaci\u00f3n ante la autoridad de control (www.aepd.es) si considera<br \/>que el tratamiento no se ajusta a la normativa vigente.<br \/>Datos de contacto para ejercer sus derechos:DATOS IDENTIFICATIVOS<br \/>Nombre de dominio: pasteleriapetra.es \u00a0 \u00a0 \u00a0<\/li>\n<li>-Nombre comercial: Pasteler\u00eda Petra<\/li>\n<li>Denominaci\u00f3n social: Faisal Alatrash Ali<\/li>\n<li>CIF: 78314999<\/li>\n<li>Domicilio social: Calle Elvira 81-83 local 1<\/li>\n<li>Tel\u00e9fono: 631537076\u00a0<\/li>\n<li>e-mail:info@pasteleriapetra.es<\/li>\n<\/ol>\n<\/li>\n<\/ol>\n<\/li>\n<li>CAR\u00c1CTER OBLIGATORIO O FACULTATIVO DE LA INFORMACI\u00d3N FACILITADA POR EL<br \/>USUARIO<br \/>Los Usuarios, mediante la marcaci\u00f3n de las casillas correspondientes y entrada de datos en los<br \/>campos, marcados con un asterisco (*) en el formulario de contacto o presentados en formularios de<br \/>descarga, aceptan expresamente y de forma libre e inequ\u00edvoca, que sus datos son necesarios para<br \/>atender su petici\u00f3n, por parte del prestador, siendo voluntaria la inclusi\u00f3n de datos en los campos<br \/>restantes. El Usuario garantiza que los datos personales facilitados al RESPONSABLE son veraces y<br \/>se hace responsable de comunicar cualquier modificaci\u00f3n de los mismos.<br \/>El RESPONSABLE informa y garantiza expresamente a los usuarios que sus datos personales no<br \/>ser\u00e1n cedidos en ning\u00fan caso a terceros, y que siempre que realizar\u00e1 alg\u00fan tipo de cesi\u00f3n de datos<br \/>personales, se pedir\u00e1 previamente el consentimiento expreso, informado e inequ\u00edvoco por parte los<br \/>Usuarios. Todos los datos solicitados a trav\u00e9s del sitio web son obligatorios, ya que son necesarios<br \/>para la prestaci\u00f3n de un servicio \u00f3ptimo al Usuario. En caso de que no sean facilitados todos los datos,<br \/>no se garantiza que la informaci\u00f3n y servicios facilitados sean completamente ajustados a sus<br \/>necesidades.<\/li>\n<li>MEDIDAS DE SEGURIDAD<\/li>\n<\/ol>\n<p>Que de conformidad con lo dispuesto en las normativas vigentes en protecci\u00f3n de datos personales, el<br \/>RESPONSABLE est\u00e1 cumpliendo con todas las disposiciones de las normativas GDPR para el<br \/>tratamiento de los datos personales de su responsabilidad, y manifiestamente con los principios<br \/>descritos en el art\u00edculo 5 del GDPR, por los cuales son tratados de manera l\u00edcita, leal y transparente en<br \/>relaci\u00f3n con el interesado y adecuados, pertinentes y limitados a lo necesario en relaci\u00f3n con los fines<br \/>para los que son tratados.<br \/>El RESPONSABLE garantiza que ha implementado pol\u00edticas t\u00e9cnicas y organizativas apropiadas para<br \/>aplicar las medidas de seguridad que establecen el GDPR con el fin de proteger los derechos y<br \/>libertades de los Usuarios y les ha comunicado la informaci\u00f3n adecuada para que puedan ejercerlos<\/p>\t\t\t\t\t\t\t\t<\/div>\n\t\t\t\t\t<\/div>\n\t\t\t\t<\/div>\n\t\t\t\t<\/div>\n\t\t","protected":false},"excerpt":{"rendered":"<p>\u00a0 INFORMACI\u00d3N AL USUARIOPasteler\u00eda Petra, en adelante RESPONSABLE, es el Responsable deltratamiento de los datos personales del Usuario y le informa que estos datos ser\u00e1n tratados deconformidad con lo dispuesto en el Reglamento (UE) 2016\/679 de 27 de abril de 2016 (GDPR) relativoa la protecci\u00f3n de las personas f\u00edsicas en lo que respecta al tratamiento [&hellip;]<\/p>\n","protected":false},"author":1,"featured_media":0,"parent":0,"menu_order":0,"comment_status":"closed","ping_status":"closed","template":"","meta":{"footnotes":""},"class_list":["post-10248","page","type-page","status-publish","hentry"],"yoast_head":"<!-- This site is optimized with the Yoast SEO plugin v26.8 - https:\/\/yoast.com\/product\/yoast-seo-wordpress\/ -->\n<title>Pol\u00edtica de privacidad - Pasteler\u00eda Petra<\/title>\n<meta name=\"robots\" content=\"index, follow, max-snippet:-1, max-image-preview:large, max-video-preview:-1\" \/>\n<link rel=\"canonical\" href=\"https:\/\/pasteleriapetra.es\/?page_id=10248\" \/>\n<meta property=\"og:locale\" content=\"es_ES\" \/>\n<meta property=\"og:type\" content=\"article\" \/>\n<meta property=\"og:title\" content=\"Pol\u00edtica de privacidad - Pasteler\u00eda Petra\" \/>\n<meta property=\"og:description\" content=\"\u00a0 INFORMACI\u00d3N AL USUARIOPasteler\u00eda Petra, en adelante RESPONSABLE, es el Responsable deltratamiento de los datos personales del Usuario y le informa que estos datos ser\u00e1n tratados deconformidad con lo dispuesto en el Reglamento (UE) 2016\/679 de 27 de abril de 2016 (GDPR) relativoa la protecci\u00f3n de las personas f\u00edsicas en lo que respecta al tratamiento [&hellip;]\" \/>\n<meta property=\"og:url\" content=\"https:\/\/pasteleriapetra.es\/?page_id=10248\" \/>\n<meta property=\"og:site_name\" content=\"Pasteler\u00eda Petra\" \/>\n<meta property=\"article:modified_time\" content=\"2026-01-14T09:40:45+00:00\" \/>\n<meta name=\"twitter:card\" content=\"summary_large_image\" \/>\n<meta name=\"twitter:label1\" content=\"Tiempo de lectura\" \/>\n\t<meta name=\"twitter:data1\" content=\"4 minutos\" \/>\n<script type=\"application\/ld+json\" class=\"yoast-schema-graph\">{\"@context\":\"https:\/\/schema.org\",\"@graph\":[{\"@type\":\"WebPage\",\"@id\":\"https:\/\/pasteleriapetra.es\/?page_id=10248\",\"url\":\"https:\/\/pasteleriapetra.es\/?page_id=10248\",\"name\":\"Pol\u00edtica de privacidad - Pasteler\u00eda Petra\",\"isPartOf\":{\"@id\":\"https:\/\/pasteleriapetra.es\/#website\"},\"datePublished\":\"2021-10-28T10:00:09+00:00\",\"dateModified\":\"2026-01-14T09:40:45+00:00\",\"breadcrumb\":{\"@id\":\"https:\/\/pasteleriapetra.es\/?page_id=10248#breadcrumb\"},\"inLanguage\":\"es\",\"potentialAction\":[{\"@type\":\"ReadAction\",\"target\":[\"https:\/\/pasteleriapetra.es\/?page_id=10248\"]}]},{\"@type\":\"BreadcrumbList\",\"@id\":\"https:\/\/pasteleriapetra.es\/?page_id=10248#breadcrumb\",\"itemListElement\":[{\"@type\":\"ListItem\",\"position\":1,\"name\":\"Portada\",\"item\":\"https:\/\/pasteleriapetra.es\/\"},{\"@type\":\"ListItem\",\"position\":2,\"name\":\"Pol\u00edtica de privacidad\"}]},{\"@type\":\"WebSite\",\"@id\":\"https:\/\/pasteleriapetra.es\/#website\",\"url\":\"https:\/\/pasteleriapetra.es\/\",\"name\":\"Pasteler\u00eda Petra\",\"description\":\"La mejor reposter\u00eda \u00e1rabe\",\"publisher\":{\"@id\":\"https:\/\/pasteleriapetra.es\/#organization\"},\"potentialAction\":[{\"@type\":\"SearchAction\",\"target\":{\"@type\":\"EntryPoint\",\"urlTemplate\":\"https:\/\/pasteleriapetra.es\/?s={search_term_string}\"},\"query-input\":{\"@type\":\"PropertyValueSpecification\",\"valueRequired\":true,\"valueName\":\"search_term_string\"}}],\"inLanguage\":\"es\"},{\"@type\":\"Organization\",\"@id\":\"https:\/\/pasteleriapetra.es\/#organization\",\"name\":\"Pasteler\u00eda Petra\",\"url\":\"https:\/\/pasteleriapetra.es\/\",\"logo\":{\"@type\":\"ImageObject\",\"inLanguage\":\"es\",\"@id\":\"https:\/\/pasteleriapetra.es\/#\/schema\/logo\/image\/\",\"url\":\"https:\/\/pasteleriapetra.es\/wp-content\/uploads\/2025\/11\/cropped-Petra_logo-1.png\",\"contentUrl\":\"https:\/\/pasteleriapetra.es\/wp-content\/uploads\/2025\/11\/cropped-Petra_logo-1.png\",\"width\":1999,\"height\":1335,\"caption\":\"Pasteler\u00eda Petra\"},\"image\":{\"@id\":\"https:\/\/pasteleriapetra.es\/#\/schema\/logo\/image\/\"}}]}<\/script>\n<!-- \/ Yoast SEO plugin. -->","yoast_head_json":{"title":"Pol\u00edtica de privacidad - Pasteler\u00eda Petra","robots":{"index":"index","follow":"follow","max-snippet":"max-snippet:-1","max-image-preview":"max-image-preview:large","max-video-preview":"max-video-preview:-1"},"canonical":"https:\/\/pasteleriapetra.es\/?page_id=10248","og_locale":"es_ES","og_type":"article","og_title":"Pol\u00edtica de privacidad - Pasteler\u00eda Petra","og_description":"\u00a0 INFORMACI\u00d3N AL USUARIOPasteler\u00eda Petra, en adelante RESPONSABLE, es el Responsable deltratamiento de los datos personales del Usuario y le informa que estos datos ser\u00e1n tratados deconformidad con lo dispuesto en el Reglamento (UE) 2016\/679 de 27 de abril de 2016 (GDPR) relativoa la protecci\u00f3n de las personas f\u00edsicas en lo que respecta al tratamiento [&hellip;]","og_url":"https:\/\/pasteleriapetra.es\/?page_id=10248","og_site_name":"Pasteler\u00eda Petra","article_modified_time":"2026-01-14T09:40:45+00:00","twitter_card":"summary_large_image","twitter_misc":{"Tiempo de lectura":"4 minutos"},"schema":{"@context":"https:\/\/schema.org","@graph":[{"@type":"WebPage","@id":"https:\/\/pasteleriapetra.es\/?page_id=10248","url":"https:\/\/pasteleriapetra.es\/?page_id=10248","name":"Pol\u00edtica de privacidad - Pasteler\u00eda Petra","isPartOf":{"@id":"https:\/\/pasteleriapetra.es\/#website"},"datePublished":"2021-10-28T10:00:09+00:00","dateModified":"2026-01-14T09:40:45+00:00","breadcrumb":{"@id":"https:\/\/pasteleriapetra.es\/?page_id=10248#breadcrumb"},"inLanguage":"es","potentialAction":[{"@type":"ReadAction","target":["https:\/\/pasteleriapetra.es\/?page_id=10248"]}]},{"@type":"BreadcrumbList","@id":"https:\/\/pasteleriapetra.es\/?page_id=10248#breadcrumb","itemListElement":[{"@type":"ListItem","position":1,"name":"Portada","item":"https:\/\/pasteleriapetra.es\/"},{"@type":"ListItem","position":2,"name":"Pol\u00edtica de privacidad"}]},{"@type":"WebSite","@id":"https:\/\/pasteleriapetra.es\/#website","url":"https:\/\/pasteleriapetra.es\/","name":"Pasteler\u00eda Petra","description":"La mejor reposter\u00eda \u00e1rabe","publisher":{"@id":"https:\/\/pasteleriapetra.es\/#organization"},"potentialAction":[{"@type":"SearchAction","target":{"@type":"EntryPoint","urlTemplate":"https:\/\/pasteleriapetra.es\/?s={search_term_string}"},"query-input":{"@type":"PropertyValueSpecification","valueRequired":true,"valueName":"search_term_string"}}],"inLanguage":"es"},{"@type":"Organization","@id":"https:\/\/pasteleriapetra.es\/#organization","name":"Pasteler\u00eda Petra","url":"https:\/\/pasteleriapetra.es\/","logo":{"@type":"ImageObject","inLanguage":"es","@id":"https:\/\/pasteleriapetra.es\/#\/schema\/logo\/image\/","url":"https:\/\/pasteleriapetra.es\/wp-content\/uploads\/2025\/11\/cropped-Petra_logo-1.png","contentUrl":"https:\/\/pasteleriapetra.es\/wp-content\/uploads\/2025\/11\/cropped-Petra_logo-1.png","width":1999,"height":1335,"caption":"Pasteler\u00eda Petra"},"image":{"@id":"https:\/\/pasteleriapetra.es\/#\/schema\/logo\/image\/"}}]}},"_links":{"self":[{"href":"https:\/\/pasteleriapetra.es\/index.php?rest_route=\/wp\/v2\/pages\/10248","targetHints":{"allow":["GET"]}}],"collection":[{"href":"https:\/\/pasteleriapetra.es\/index.php?rest_route=\/wp\/v2\/pages"}],"about":[{"href":"https:\/\/pasteleriapetra.es\/index.php?rest_route=\/wp\/v2\/types\/page"}],"author":[{"embeddable":true,"href":"https:\/\/pasteleriapetra.es\/index.php?rest_route=\/wp\/v2\/users\/1"}],"replies":[{"embeddable":true,"href":"https:\/\/pasteleriapetra.es\/index.php?rest_route=%2Fwp%2Fv2%2Fcomments&post=10248"}],"version-history":[{"count":13,"href":"https:\/\/pasteleriapetra.es\/index.php?rest_route=\/wp\/v2\/pages\/10248\/revisions"}],"predecessor-version":[{"id":10829,"href":"https:\/\/pasteleriapetra.es\/index.php?rest_route=\/wp\/v2\/pages\/10248\/revisions\/10829"}],"wp:attachment":[{"href":"https:\/\/pasteleriapetra.es\/index.php?rest_route=%2Fwp%2Fv2%2Fmedia&parent=10248"}],"curies":[{"name":"wp","href":"https:\/\/api.w.org\/{rel}","templated":true}]}}